{"id":502,"date":"2022-01-10T17:09:42","date_gmt":"2022-01-10T16:09:42","guid":{"rendered":"https:\/\/www.sba.si\/prenova\/?post_type=product&#038;p=502"},"modified":"2022-01-10T17:11:11","modified_gmt":"2022-01-10T16:11:11","slug":"platisca-itp-ss212-14","status":"publish","type":"product","link":"https:\/\/www.sba.si\/index.php\/izdelek\/platisca-itp-ss212-14\/","title":{"rendered":"PLATI\u0160\u010cA ITP SS212 14\u00b4\u00b4"},"content":{"rendered":"","protected":false},"excerpt":{"rendered":"<p>Izjemno mo\u010dno, a lahno plati\u0161\u010de \u00a0za terensko vozilo, verjetno najbolj trpe\u017eno\u00a0 enodelno ATV plati\u0161\u010de na trgu, odli\u010dna kombinacija sloga in zmogljivosti, obdelana s \u010drnimi poudarki, vklju\u010dena kolesna kapa, izdelana v ZDA<\/p>\n<p>&nbsp;<\/p>\n","protected":false},"featured_media":575,"template":"","meta":[],"product_cat":[54,79,80],"product_tag":[],"_links":{"self":[{"href":"https:\/\/www.sba.si\/index.php\/wp-json\/wp\/v2\/product\/502"}],"collection":[{"href":"https:\/\/www.sba.si\/index.php\/wp-json\/wp\/v2\/product"}],"about":[{"href":"https:\/\/www.sba.si\/index.php\/wp-json\/wp\/v2\/types\/product"}],"version-history":[{"count":0,"href":"https:\/\/www.sba.si\/index.php\/wp-json\/wp\/v2\/product\/502\/revisions"}],"wp:featuredmedia":[{"embeddable":true,"href":"https:\/\/www.sba.si\/index.php\/wp-json\/wp\/v2\/media\/575"}],"wp:attachment":[{"href":"https:\/\/www.sba.si\/index.php\/wp-json\/wp\/v2\/media?parent=502"}],"wp:term":[{"taxonomy":"product_cat","embeddable":true,"href":"https:\/\/www.sba.si\/index.php\/wp-json\/wp\/v2\/product_cat?post=502"},{"taxonomy":"product_tag","embeddable":true,"href":"https:\/\/www.sba.si\/index.php\/wp-json\/wp\/v2\/product_tag?post=502"}],"curies":[{"name":"wp","href":"https:\/\/api.w.org\/{rel}","templated":true}]}}