{"id":521,"date":"2022-01-10T17:10:05","date_gmt":"2022-01-10T17:10:05","guid":{"rendered":"https:\/\/www.sba.si\/prenova\/?post_type=product&#038;p=521"},"modified":"2024-01-11T08:16:36","modified_gmt":"2024-01-11T08:16:36","slug":"kovcek-za-orozje","status":"publish","type":"product","link":"https:\/\/www.sba.si\/index.php\/izdelek\/kovcek-za-orozje\/","title":{"rendered":"KOV\u010cEK ZA ORO\u017dJE"},"content":{"rendered":"","protected":false},"excerpt":{"rendered":"<p>KOV\u010cEK ZA ORO\u017dJE \u00a0je izdelan iz vrhunske, odporne\u00a0 proti udarcem,\u00a0 proti zmrzovanju, oja\u010dane plastike. Udoben pokrov omogo\u010da preprost dostop do oro\u017eja in\u00a0 kovinsko klju\u010davnico za\u0161\u010ditite svoje oro\u017eje. Hermeti\u010dni kov\u010dek za\u0161\u010diti \u00a0oro\u017eje pred vodo, umazanijo, snegom, prahom, \u00a0notranji tekstilni pokrov pa \u00a0bo za\u0161\u010ditil oro\u017eje pred katerimi koli udarci. Udoben nosilec\u00a0 omogo\u010da \u00a0postavitev\u00a0 prtlja\u017enik na katerikoli ATV..<\/p>\n<p>Komplet:<\/p>\n<p>&#8211; Plasti\u010dno ohi\u0161je s klju\u010davnico.<\/p>\n<p>&#8211; Tekstilni pokrov za skrbno shranjevanje oro\u017eja.<\/p>\n<p>&#8211; Monta\u017eni nosilec.<\/p>\n","protected":false},"featured_media":594,"template":"","meta":[],"product_cat":[54,64,82],"product_tag":[],"_links":{"self":[{"href":"https:\/\/www.sba.si\/index.php\/wp-json\/wp\/v2\/product\/521"}],"collection":[{"href":"https:\/\/www.sba.si\/index.php\/wp-json\/wp\/v2\/product"}],"about":[{"href":"https:\/\/www.sba.si\/index.php\/wp-json\/wp\/v2\/types\/product"}],"version-history":[{"count":1,"href":"https:\/\/www.sba.si\/index.php\/wp-json\/wp\/v2\/product\/521\/revisions"}],"predecessor-version":[{"id":4788,"href":"https:\/\/www.sba.si\/index.php\/wp-json\/wp\/v2\/product\/521\/revisions\/4788"}],"wp:featuredmedia":[{"embeddable":true,"href":"https:\/\/www.sba.si\/index.php\/wp-json\/wp\/v2\/media\/594"}],"wp:attachment":[{"href":"https:\/\/www.sba.si\/index.php\/wp-json\/wp\/v2\/media?parent=521"}],"wp:term":[{"taxonomy":"product_cat","embeddable":true,"href":"https:\/\/www.sba.si\/index.php\/wp-json\/wp\/v2\/product_cat?post=521"},{"taxonomy":"product_tag","embeddable":true,"href":"https:\/\/www.sba.si\/index.php\/wp-json\/wp\/v2\/product_tag?post=521"}],"curies":[{"name":"wp","href":"https:\/\/api.w.org\/{rel}","templated":true}]}}