{"id":5244,"date":"2022-12-11T16:55:59","date_gmt":"2022-12-11T16:55:59","guid":{"rendered":"https:\/\/www.sba.si\/?post_type=product&#038;p=5244"},"modified":"2022-12-11T17:10:25","modified_gmt":"2022-12-11T17:10:25","slug":"gosenice-camso-atv-r4s-track","status":"publish","type":"product","link":"https:\/\/www.sba.si\/index.php\/izdelek\/gosenice-camso-atv-r4s-track\/","title":{"rendered":"GOSENICE CAMSO ATV R4S TRACK"},"content":{"rendered":"<p>Camso X4S (ATV) Track System za manj\u0161e ATV<br \/>\nCeloletni sistem gosenic za \u0161tirikolesnike, zasnovan za majhne \u0161tirikolesnike 4&#215;4 z motorji 300\u2013500 ccm. Tlak na tla zmanj\u0161an za 50 % v primerjavi s pnevmatikami.\u00a0 ATV R4S je popoln sistem gosenic, ki va\u0161 ATV popelje dlje kot kdaj koli prej. Resni\u010dno celoletna uporaba: zima, pomlad, poletje; deluje na snegu, blatu, gramozu in pesku. Bistveno ugodnej\u0161a cena v primerjavi z motornimi sanmi, plus mo\u017enost vo\u017enje po nezasne\u017eenih povr\u0161inah. Enostavna namestitev.<\/p>\n<p>Lastnosti:<\/p>\n<p>Za manj\u0161e ATV 4&#215;4 z motorjem 300-500 ccm<br \/>\nRobustna zasnova<br \/>\nTlak na tla zmanj\u0161an za 50 % v primerjavi s pnevmatikami<br \/>\nVelika stabilnost in enostavno rokovanje<br \/>\nOdli\u010den oprijem na vsakem terenu<br \/>\nVrhunska flotacija<br \/>\nTrden okvir iz ogljikovega jekla<br \/>\nTrpe\u017ena pra\u0161no lakirana kon\u010dna obdelava<br \/>\nDvojni le\u017eaji<br \/>\nHitra in enostavna namestitev in odstranitev<\/p>\n<p>Opomba: Adapterji niso vklju\u010deni in jih je treba naro\u010diti posebej za va\u0161 model.<\/p>\n<p>Proizvajalec: Camso Canada<br \/>\ncamso.co<\/p>\n<p>&nbsp;<\/p>\n<p>https:\/\/camso.co\/en\/powersports\/atv-utv\/products\/atv-r4s\/<\/p>\n<p>&nbsp;<\/p>\n<p>&nbsp;<\/p>\n","protected":false},"excerpt":{"rendered":"<p>Camso X4S (ATV) Track System za manj\u0161e ATV<br \/>\nCeloletni sistem gosenic za \u0161tirikolesnike, zasnovan za majhne \u0161tirikolesnike 4&#215;4 z motorji 300\u2013500 ccm. Tlak na tla zmanj\u0161an za 50 % v primerjavi s pnevmatikami.\u00a0 ATV R4S je popoln sistem gosenic, ki va\u0161 ATV popelje dlje kot kdaj koli prej. Resni\u010dno celoletna uporaba: zima, pomlad, poletje; deluje na snegu, blatu, gramozu in pesku. Bistveno ugodnej\u0161a cena v primerjavi z motornimi sanmi, plus mo\u017enost vo\u017enje po nezasne\u017eenih povr\u0161inah. Enostavna namestitev.<\/p>\n<p>Lastnosti:<\/p>\n<p>Za manj\u0161e ATV 4&#215;4 z motorjem 300-500 ccm<br \/>\nRobustna zasnova<br \/>\nTlak na tla zmanj\u0161an za 50 % v primerjavi s pnevmatikami<br \/>\nVelika stabilnost in enostavno rokovanje<br \/>\nOdli\u010den oprijem na vsakem terenu<br \/>\nVrhunska flotacija<br \/>\nTrden okvir iz ogljikovega jekla<br \/>\nTrpe\u017ena pra\u0161no lakirana kon\u010dna obdelava<br \/>\nDvojni le\u017eaji<br \/>\nHitra in enostavna namestitev in odstranitev<\/p>\n<p>Opomba: Adapterji niso vklju\u010deni in jih je treba naro\u010diti posebej za va\u0161 model.<\/p>\n<p>Proizvajalec: Camso Canada<br \/>\ncamso.co<\/p>\n<p>&nbsp;<\/p>\n<p>&nbsp;<\/p>\n","protected":false},"featured_media":5251,"template":"","meta":[],"product_cat":[54,55,74],"product_tag":[],"_links":{"self":[{"href":"https:\/\/www.sba.si\/index.php\/wp-json\/wp\/v2\/product\/5244"}],"collection":[{"href":"https:\/\/www.sba.si\/index.php\/wp-json\/wp\/v2\/product"}],"about":[{"href":"https:\/\/www.sba.si\/index.php\/wp-json\/wp\/v2\/types\/product"}],"version-history":[{"count":3,"href":"https:\/\/www.sba.si\/index.php\/wp-json\/wp\/v2\/product\/5244\/revisions"}],"predecessor-version":[{"id":5265,"href":"https:\/\/www.sba.si\/index.php\/wp-json\/wp\/v2\/product\/5244\/revisions\/5265"}],"wp:featuredmedia":[{"embeddable":true,"href":"https:\/\/www.sba.si\/index.php\/wp-json\/wp\/v2\/media\/5251"}],"wp:attachment":[{"href":"https:\/\/www.sba.si\/index.php\/wp-json\/wp\/v2\/media?parent=5244"}],"wp:term":[{"taxonomy":"product_cat","embeddable":true,"href":"https:\/\/www.sba.si\/index.php\/wp-json\/wp\/v2\/product_cat?post=5244"},{"taxonomy":"product_tag","embeddable":true,"href":"https:\/\/www.sba.si\/index.php\/wp-json\/wp\/v2\/product_tag?post=5244"}],"curies":[{"name":"wp","href":"https:\/\/api.w.org\/{rel}","templated":true}]}}