{"id":5257,"date":"2022-12-11T17:06:18","date_gmt":"2022-12-11T17:06:18","guid":{"rendered":"https:\/\/www.sba.si\/?post_type=product&#038;p=5257"},"modified":"2022-12-11T17:06:19","modified_gmt":"2022-12-11T17:06:19","slug":"gosenice-camso-utv-4s1-track","status":"publish","type":"product","link":"https:\/\/www.sba.si\/index.php\/izdelek\/gosenice-camso-utv-4s1-track\/","title":{"rendered":"GOSENICE CAMSO UTV 4S1 TRACK"},"content":{"rendered":"","protected":false},"excerpt":{"rendered":"<p>Camso 4S1 UTV Track System<br \/>\nVsesezonski visoko zmogljiv UTV goseni\u0161ki sistem za velika UTV, resni\u010dno celoletna uporaba, za profesionalno uporabo na katerem koli terenu in v vseh pogojih, vrhunska flotacija, visoka raven kakovosti vo\u017enje, zmogljivost, vzdr\u017eljivost, oprijem in vle\u010dna mo\u010d, hitro in enostavno namestitev in odstranitev.<\/p>\n<p>Lastnosti:<\/p>\n<p>Izjemno robustna izvedba<br \/>\nBistveno udobnej\u0161a vo\u017enja kot z obi\u010dajnimi gosenicami<br \/>\nVelika stabilnost in enostavno rokovanje<br \/>\nOdli\u010den oprijem na vsakem terenu<br \/>\nVrhunska flotacija<br \/>\nTrden jeklen okvir<br \/>\nTrpe\u017ena pra\u0161no lakirana kon\u010dna obdelava<br \/>\nPnevmatike, odporne na predrtje, izbolj\u0161ajo udobje pri vo\u017enji<br \/>\nTandem stabilizator<br \/>\nSprednji kolotek FLEX-TRACK<br \/>\nNerjave\u010di rokavi za ve\u010djo vzdr\u017eljivost<br \/>\nHitra in enostavna namestitev in odstranitev<\/p>\n<p>Opomba: Adapterji niso vklju\u010deni in jih je treba naro\u010diti posebej za va\u0161 model.<\/p>\n<p>Poi\u0161\u010dite pravi sistem gosenic in adapterje za va\u0161 stroj.<\/p>\n<p>Proizvajalec: Camso Canada www.camso.co<\/p>\n<p>&nbsp;<\/p>\n<p>https:\/\/www.youtube.com\/watch?v=Y2hrFfn7jl8<\/p>\n<p>&nbsp;<\/p>\n<p>&nbsp;<\/p>\n","protected":false},"featured_media":5262,"template":"","meta":[],"product_cat":[54,55,74],"product_tag":[],"_links":{"self":[{"href":"https:\/\/www.sba.si\/index.php\/wp-json\/wp\/v2\/product\/5257"}],"collection":[{"href":"https:\/\/www.sba.si\/index.php\/wp-json\/wp\/v2\/product"}],"about":[{"href":"https:\/\/www.sba.si\/index.php\/wp-json\/wp\/v2\/types\/product"}],"version-history":[{"count":1,"href":"https:\/\/www.sba.si\/index.php\/wp-json\/wp\/v2\/product\/5257\/revisions"}],"predecessor-version":[{"id":5263,"href":"https:\/\/www.sba.si\/index.php\/wp-json\/wp\/v2\/product\/5257\/revisions\/5263"}],"wp:featuredmedia":[{"embeddable":true,"href":"https:\/\/www.sba.si\/index.php\/wp-json\/wp\/v2\/media\/5262"}],"wp:attachment":[{"href":"https:\/\/www.sba.si\/index.php\/wp-json\/wp\/v2\/media?parent=5257"}],"wp:term":[{"taxonomy":"product_cat","embeddable":true,"href":"https:\/\/www.sba.si\/index.php\/wp-json\/wp\/v2\/product_cat?post=5257"},{"taxonomy":"product_tag","embeddable":true,"href":"https:\/\/www.sba.si\/index.php\/wp-json\/wp\/v2\/product_tag?post=5257"}],"curies":[{"name":"wp","href":"https:\/\/api.w.org\/{rel}","templated":true}]}}