{"id":5266,"date":"2022-12-11T17:16:22","date_gmt":"2022-12-11T17:16:22","guid":{"rendered":"https:\/\/www.sba.si\/?post_type=product&#038;p=5266"},"modified":"2022-12-11T17:16:54","modified_gmt":"2022-12-11T17:16:54","slug":"gosenice-x4s-track-atv-utv","status":"publish","type":"product","link":"https:\/\/www.sba.si\/index.php\/izdelek\/gosenice-x4s-track-atv-utv\/","title":{"rendered":"GOSENICE X4S TRACK (ATV\/UTV)"},"content":{"rendered":"","protected":false},"excerpt":{"rendered":"<p>&nbsp;<\/p>\n<p>Gosenica Camso X4S (ATV).<\/p>\n<p>Za ATV 4&#215;4. Sne\u017ene gosenice nove generacije nudijo visoko vsestranskost, odli\u010dno vodljivost in resni\u010dno celoletno uporabo: pozimi, spomladi, poleti; na snegu, blatu, gramozu in pesku. Odli\u010den oprijem na vsakem terenu. Bistveno ugodnej\u0161a\u00a0v primerjavi z motornimi sanmi, plus mo\u017enost vo\u017enje po povr\u0161inah brez snega. Enostavna namestitev.<\/p>\n<p>Lastnosti:<\/p>\n<p>Za ve\u010dino \u0161tirikolesnikov 4&#215;4<br \/>\nRobustna zasnova<br \/>\nBistveno udobnej\u0161a vo\u017enja kot z obi\u010dajnimi gosenicami<br \/>\nOdli\u010dna stabilnost in enostavno upravljanje s servo volanom ali brez njega<br \/>\nOdli\u010den oprijem na vsakem terenu<br \/>\nVrhunska flotacija<br \/>\nTrden jeklen okvir<br \/>\nTrpe\u017ena pra\u0161no lakirana kon\u010dna obdelava<br \/>\nPnevmatike, odporne na predrtje, izbolj\u0161ajo udobje pri vo\u017enji<br \/>\nSprednji kolotek FLEX-TRACK<br \/>\nEnostavno zamenljivi le\u017eaji<br \/>\nHitra in enostavna namestitev in odstranitev<\/p>\n<p>Opomba: Adapterji niso prilo\u017eeni in jih je treba naro\u010diti posebej za va\u0161 model.<\/p>\n<p>Poi\u0161\u010dite\u00a0pravi sistem gosenic in adapterje\u00a0za va\u0161 stroj.<\/p>\n<p>Proizvajalec: Camso Canada\u00a0www.camso.co<\/p>\n<p>&nbsp;<\/p>\n<p>https:\/\/www.youtube.com\/watch?v=r5qVxZQ3xrM<\/p>\n","protected":false},"featured_media":5272,"template":"","meta":[],"product_cat":[54,55,74],"product_tag":[],"_links":{"self":[{"href":"https:\/\/www.sba.si\/index.php\/wp-json\/wp\/v2\/product\/5266"}],"collection":[{"href":"https:\/\/www.sba.si\/index.php\/wp-json\/wp\/v2\/product"}],"about":[{"href":"https:\/\/www.sba.si\/index.php\/wp-json\/wp\/v2\/types\/product"}],"version-history":[{"count":1,"href":"https:\/\/www.sba.si\/index.php\/wp-json\/wp\/v2\/product\/5266\/revisions"}],"predecessor-version":[{"id":5275,"href":"https:\/\/www.sba.si\/index.php\/wp-json\/wp\/v2\/product\/5266\/revisions\/5275"}],"wp:featuredmedia":[{"embeddable":true,"href":"https:\/\/www.sba.si\/index.php\/wp-json\/wp\/v2\/media\/5272"}],"wp:attachment":[{"href":"https:\/\/www.sba.si\/index.php\/wp-json\/wp\/v2\/media?parent=5266"}],"wp:term":[{"taxonomy":"product_cat","embeddable":true,"href":"https:\/\/www.sba.si\/index.php\/wp-json\/wp\/v2\/product_cat?post=5266"},{"taxonomy":"product_tag","embeddable":true,"href":"https:\/\/www.sba.si\/index.php\/wp-json\/wp\/v2\/product_tag?post=5266"}],"curies":[{"name":"wp","href":"https:\/\/api.w.org\/{rel}","templated":true}]}}