{"id":5277,"date":"2022-12-11T17:58:10","date_gmt":"2022-12-11T17:58:10","guid":{"rendered":"https:\/\/www.sba.si\/?post_type=product&#038;p=5277"},"modified":"2023-11-14T13:51:58","modified_gmt":"2023-11-14T13:51:58","slug":"vitel-dragon-winch-2500-st","status":"publish","type":"product","link":"https:\/\/www.sba.si\/index.php\/izdelek\/vitel-dragon-winch-2500-st\/","title":{"rendered":"VITEL DRAGON WINCH 2500 ST"},"content":{"rendered":"","protected":false},"excerpt":{"rendered":"<p>Namensko : ATV<br \/>\nNapetost: 12V<br \/>\nMotor: 0,9 KM<br \/>\nVle\u010dna stopnja: 2500 lb\/1133 kg<br \/>\nZmanj\u0161anje: 153:1<br \/>\nZavora: samozavorna<br \/>\nDol\u017eina \u017ei\u010dne vrvi: 10 m<br \/>\nTe\u017ea: 6 kg<br \/>\nSkupna velikost: 280 mm x 100 mm x 100 mm<\/p>\n<p>&nbsp;<\/p>\n","protected":false},"featured_media":5283,"template":"","meta":[],"product_cat":[69],"product_tag":[],"_links":{"self":[{"href":"https:\/\/www.sba.si\/index.php\/wp-json\/wp\/v2\/product\/5277"}],"collection":[{"href":"https:\/\/www.sba.si\/index.php\/wp-json\/wp\/v2\/product"}],"about":[{"href":"https:\/\/www.sba.si\/index.php\/wp-json\/wp\/v2\/types\/product"}],"version-history":[{"count":1,"href":"https:\/\/www.sba.si\/index.php\/wp-json\/wp\/v2\/product\/5277\/revisions"}],"predecessor-version":[{"id":5284,"href":"https:\/\/www.sba.si\/index.php\/wp-json\/wp\/v2\/product\/5277\/revisions\/5284"}],"wp:featuredmedia":[{"embeddable":true,"href":"https:\/\/www.sba.si\/index.php\/wp-json\/wp\/v2\/media\/5283"}],"wp:attachment":[{"href":"https:\/\/www.sba.si\/index.php\/wp-json\/wp\/v2\/media?parent=5277"}],"wp:term":[{"taxonomy":"product_cat","embeddable":true,"href":"https:\/\/www.sba.si\/index.php\/wp-json\/wp\/v2\/product_cat?post=5277"},{"taxonomy":"product_tag","embeddable":true,"href":"https:\/\/www.sba.si\/index.php\/wp-json\/wp\/v2\/product_tag?post=5277"}],"curies":[{"name":"wp","href":"https:\/\/api.w.org\/{rel}","templated":true}]}}