{"id":5285,"date":"2022-12-11T18:00:21","date_gmt":"2022-12-11T18:00:21","guid":{"rendered":"https:\/\/www.sba.si\/?post_type=product&#038;p=5285"},"modified":"2023-11-28T11:42:44","modified_gmt":"2023-11-28T11:42:44","slug":"vitel-dragon-winch-3500-st","status":"publish","type":"product","link":"https:\/\/www.sba.si\/index.php\/izdelek\/vitel-dragon-winch-3500-st\/","title":{"rendered":"VITEL DRAGON WINCH 3500 ST"},"content":{"rendered":"","protected":false},"excerpt":{"rendered":"<p>&nbsp;<\/p>\n<p>Namenjeno za: ATV \/ UTV, pluge<br \/>\nNapetost: 12 V<br \/>\nMotor: 1,2 KM<br \/>\nVle\u010dna hitrost: 3500 lb \/ 1588 kg<br \/>\nPrestava: enojna<br \/>\nZmanj\u0161anje: 153:1<br \/>\nZavora: samozavorna<br \/>\nDol\u017eina \u017ei\u010dne vrvi: 15 m<br \/>\nSkupna velikost (Dx\u0160xV): 320 mm x 100 mm x 100 mm<br \/>\nTe\u017ea: 10 kg<br \/>\nVijaki: 4<br \/>\nRazmik monta\u017enih vijakov: 130 mm x 80 mm<\/p>\n<p>SET VKLJU\u010cUJE:<br \/>\n\u2022 \u017ei\u010dnata vrv<br \/>\n\u2022 kavelj za vrv<br \/>\n\u2022 krmilna omarica<br \/>\n\u2022 valj\u010dna vodila<br \/>\n\u2022 univerzalna monta\u017ena plo\u0161\u010da<br \/>\n\u2022 stikalo na krmilu in brez\u017ei\u010dni daljinski upravljalnik<br \/>\n\u2022 monta\u017eni vijaki<\/p>\n<p>.<\/p>\n<p>&nbsp;<\/p>\n","protected":false},"featured_media":5286,"template":"","meta":[],"product_cat":[54,64,69],"product_tag":[],"_links":{"self":[{"href":"https:\/\/www.sba.si\/index.php\/wp-json\/wp\/v2\/product\/5285"}],"collection":[{"href":"https:\/\/www.sba.si\/index.php\/wp-json\/wp\/v2\/product"}],"about":[{"href":"https:\/\/www.sba.si\/index.php\/wp-json\/wp\/v2\/types\/product"}],"version-history":[{"count":1,"href":"https:\/\/www.sba.si\/index.php\/wp-json\/wp\/v2\/product\/5285\/revisions"}],"predecessor-version":[{"id":5289,"href":"https:\/\/www.sba.si\/index.php\/wp-json\/wp\/v2\/product\/5285\/revisions\/5289"}],"wp:featuredmedia":[{"embeddable":true,"href":"https:\/\/www.sba.si\/index.php\/wp-json\/wp\/v2\/media\/5286"}],"wp:attachment":[{"href":"https:\/\/www.sba.si\/index.php\/wp-json\/wp\/v2\/media?parent=5285"}],"wp:term":[{"taxonomy":"product_cat","embeddable":true,"href":"https:\/\/www.sba.si\/index.php\/wp-json\/wp\/v2\/product_cat?post=5285"},{"taxonomy":"product_tag","embeddable":true,"href":"https:\/\/www.sba.si\/index.php\/wp-json\/wp\/v2\/product_tag?post=5285"}],"curies":[{"name":"wp","href":"https:\/\/api.w.org\/{rel}","templated":true}]}}