{"id":5331,"date":"2022-12-16T20:03:04","date_gmt":"2022-12-16T20:03:04","guid":{"rendered":"https:\/\/www.sba.si\/?post_type=product&#038;p=5331"},"modified":"2022-12-16T20:37:18","modified_gmt":"2022-12-16T20:37:18","slug":"nakladalne-rampe-za-atv","status":"publish","type":"product","link":"https:\/\/www.sba.si\/index.php\/izdelek\/nakladalne-rampe-za-atv\/","title":{"rendered":"NAKLADALNE RAMPE ZA ATV &#8211; GOSTE"},"content":{"rendered":"","protected":false},"excerpt":{"rendered":"<p>Zlo\u017eljive aluminijaste ATV rampe, nosilnost 340kg , 680kg \/ par, dol\u017eina 225cm, \u0161irina 28,5cm, \u00a0zaobljena\u00a0 zasnova, \u00a0za bolj\u0161e \u010di\u0161\u010denje, dvignjena stranske tirnice, odli\u010dne za nalaganje ATV-jev in motornih koles in \u00a0so nepogre\u0161ljiv pripomo\u010dek pri nakladanju in razkladanju<\/p>\n","protected":false},"featured_media":5346,"template":"","meta":[],"product_cat":[64,65],"product_tag":[],"_links":{"self":[{"href":"https:\/\/www.sba.si\/index.php\/wp-json\/wp\/v2\/product\/5331"}],"collection":[{"href":"https:\/\/www.sba.si\/index.php\/wp-json\/wp\/v2\/product"}],"about":[{"href":"https:\/\/www.sba.si\/index.php\/wp-json\/wp\/v2\/types\/product"}],"version-history":[{"count":2,"href":"https:\/\/www.sba.si\/index.php\/wp-json\/wp\/v2\/product\/5331\/revisions"}],"predecessor-version":[{"id":5341,"href":"https:\/\/www.sba.si\/index.php\/wp-json\/wp\/v2\/product\/5331\/revisions\/5341"}],"wp:featuredmedia":[{"embeddable":true,"href":"https:\/\/www.sba.si\/index.php\/wp-json\/wp\/v2\/media\/5346"}],"wp:attachment":[{"href":"https:\/\/www.sba.si\/index.php\/wp-json\/wp\/v2\/media?parent=5331"}],"wp:term":[{"taxonomy":"product_cat","embeddable":true,"href":"https:\/\/www.sba.si\/index.php\/wp-json\/wp\/v2\/product_cat?post=5331"},{"taxonomy":"product_tag","embeddable":true,"href":"https:\/\/www.sba.si\/index.php\/wp-json\/wp\/v2\/product_tag?post=5331"}],"curies":[{"name":"wp","href":"https:\/\/api.w.org\/{rel}","templated":true}]}}