{"id":5342,"date":"2022-12-16T20:05:35","date_gmt":"2022-12-16T20:05:35","guid":{"rendered":"https:\/\/www.sba.si\/?post_type=product&#038;p=5342"},"modified":"2022-12-16T20:38:45","modified_gmt":"2022-12-16T20:38:45","slug":"nakladalne-rampe-za-atv-2","status":"publish","type":"product","link":"https:\/\/www.sba.si\/index.php\/izdelek\/nakladalne-rampe-za-atv-2\/","title":{"rendered":"NAKLADALNE RAMPE ZA ATV"},"content":{"rendered":"","protected":false},"excerpt":{"rendered":"<p>Zlo\u017eljive aluminijaste ATV rampe, nosilnost 340kg , 680kg \/ par, dol\u017eina 225cm, \u0161irina 28,5cm, \u00a0zaobljena\u00a0 zasnova, \u00a0za bolj\u0161e \u010di\u0161\u010denje, dvignjena stranske tirnice, odli\u010dne za nalaganje ATV-jev in motornih koles in \u00a0so nepogre\u0161ljiv pripomo\u010dek pri nakladanju in razkladanju<\/p>\n","protected":false},"featured_media":5350,"template":"","meta":[],"product_cat":[64,65],"product_tag":[],"_links":{"self":[{"href":"https:\/\/www.sba.si\/index.php\/wp-json\/wp\/v2\/product\/5342"}],"collection":[{"href":"https:\/\/www.sba.si\/index.php\/wp-json\/wp\/v2\/product"}],"about":[{"href":"https:\/\/www.sba.si\/index.php\/wp-json\/wp\/v2\/types\/product"}],"version-history":[{"count":1,"href":"https:\/\/www.sba.si\/index.php\/wp-json\/wp\/v2\/product\/5342\/revisions"}],"predecessor-version":[{"id":5343,"href":"https:\/\/www.sba.si\/index.php\/wp-json\/wp\/v2\/product\/5342\/revisions\/5343"}],"wp:featuredmedia":[{"embeddable":true,"href":"https:\/\/www.sba.si\/index.php\/wp-json\/wp\/v2\/media\/5350"}],"wp:attachment":[{"href":"https:\/\/www.sba.si\/index.php\/wp-json\/wp\/v2\/media?parent=5342"}],"wp:term":[{"taxonomy":"product_cat","embeddable":true,"href":"https:\/\/www.sba.si\/index.php\/wp-json\/wp\/v2\/product_cat?post=5342"},{"taxonomy":"product_tag","embeddable":true,"href":"https:\/\/www.sba.si\/index.php\/wp-json\/wp\/v2\/product_tag?post=5342"}],"curies":[{"name":"wp","href":"https:\/\/api.w.org\/{rel}","templated":true}]}}