{"id":537,"date":"2022-01-10T17:10:29","date_gmt":"2022-01-10T17:10:29","guid":{"rendered":"https:\/\/www.sba.si\/prenova\/?post_type=product&#038;p=537"},"modified":"2023-12-19T12:55:27","modified_gmt":"2023-12-19T12:55:27","slug":"verige-m91-60009","status":"publish","type":"product","link":"https:\/\/www.sba.si\/index.php\/izdelek\/verige-m91-60009\/","title":{"rendered":"VERIGE M91-60009"},"content":{"rendered":"","protected":false},"excerpt":{"rendered":"<p>SNE\u017dNE VERIGE za sneg \u00a0in led. Pove\u010dajo vle\u010dno zmogljivost \u0161tirikolesnika z dodanim oprijemom. V ceno je vklju\u010dena \u0161katla za shranjevanje. Zasnovane za enostavno namestitev brez potrebnega dodatnega orodja.<\/p>\n<p>Dimenzija verig: 37 x 137 cm (\u0161irina x dol\u017eina). Po skici izmerite potrebno dol\u017eino.<\/p>\n<p>V kolikor ne najdete primerne dimenzije za va\u0161e pnevmatike nas prosim kontaktirajte.<\/p>\n","protected":false},"featured_media":612,"template":"","meta":[],"product_cat":[54,55,83],"product_tag":[],"_links":{"self":[{"href":"https:\/\/www.sba.si\/index.php\/wp-json\/wp\/v2\/product\/537"}],"collection":[{"href":"https:\/\/www.sba.si\/index.php\/wp-json\/wp\/v2\/product"}],"about":[{"href":"https:\/\/www.sba.si\/index.php\/wp-json\/wp\/v2\/types\/product"}],"version-history":[{"count":3,"href":"https:\/\/www.sba.si\/index.php\/wp-json\/wp\/v2\/product\/537\/revisions"}],"predecessor-version":[{"id":6686,"href":"https:\/\/www.sba.si\/index.php\/wp-json\/wp\/v2\/product\/537\/revisions\/6686"}],"wp:featuredmedia":[{"embeddable":true,"href":"https:\/\/www.sba.si\/index.php\/wp-json\/wp\/v2\/media\/612"}],"wp:attachment":[{"href":"https:\/\/www.sba.si\/index.php\/wp-json\/wp\/v2\/media?parent=537"}],"wp:term":[{"taxonomy":"product_cat","embeddable":true,"href":"https:\/\/www.sba.si\/index.php\/wp-json\/wp\/v2\/product_cat?post=537"},{"taxonomy":"product_tag","embeddable":true,"href":"https:\/\/www.sba.si\/index.php\/wp-json\/wp\/v2\/product_tag?post=537"}],"curies":[{"name":"wp","href":"https:\/\/api.w.org\/{rel}","templated":true}]}}