{"id":538,"date":"2022-01-10T17:10:30","date_gmt":"2022-01-10T17:10:30","guid":{"rendered":"https:\/\/www.sba.si\/prenova\/?post_type=product&#038;p=538"},"modified":"2023-12-19T12:51:03","modified_gmt":"2023-12-19T12:51:03","slug":"verige-m91-60010","status":"publish","type":"product","link":"https:\/\/www.sba.si\/index.php\/izdelek\/verige-m91-60010\/","title":{"rendered":"VERIGE M91-60010"},"content":{"rendered":"","protected":false},"excerpt":{"rendered":"<p>SNE\u017dNE VERIGE za sneg \u00a0in led. Pove\u010dajo vle\u010dno zmogljivost \u0161tirikolesnika z dodanim oprijemom. V ceno je vklju\u010dena \u0161katla za shranjevanje. Zasnovane za enostavno namestitev brez potrebnega dodatnega orodja.<\/p>\n<p>Dimenzija verig: 43 x\u00a0 142 cm (\u0161irina x dol\u017eina). Po skici izmerite potrebno dol\u017eino.<\/p>\n<p>V kolikor ne najdete primerne dimenzije za va\u0161e pnevmatike nas prosim kontaktirajte.<\/p>\n","protected":false},"featured_media":614,"template":"","meta":[],"product_cat":[54,55,83],"product_tag":[],"_links":{"self":[{"href":"https:\/\/www.sba.si\/index.php\/wp-json\/wp\/v2\/product\/538"}],"collection":[{"href":"https:\/\/www.sba.si\/index.php\/wp-json\/wp\/v2\/product"}],"about":[{"href":"https:\/\/www.sba.si\/index.php\/wp-json\/wp\/v2\/types\/product"}],"version-history":[{"count":2,"href":"https:\/\/www.sba.si\/index.php\/wp-json\/wp\/v2\/product\/538\/revisions"}],"predecessor-version":[{"id":6681,"href":"https:\/\/www.sba.si\/index.php\/wp-json\/wp\/v2\/product\/538\/revisions\/6681"}],"wp:featuredmedia":[{"embeddable":true,"href":"https:\/\/www.sba.si\/index.php\/wp-json\/wp\/v2\/media\/614"}],"wp:attachment":[{"href":"https:\/\/www.sba.si\/index.php\/wp-json\/wp\/v2\/media?parent=538"}],"wp:term":[{"taxonomy":"product_cat","embeddable":true,"href":"https:\/\/www.sba.si\/index.php\/wp-json\/wp\/v2\/product_cat?post=538"},{"taxonomy":"product_tag","embeddable":true,"href":"https:\/\/www.sba.si\/index.php\/wp-json\/wp\/v2\/product_tag?post=538"}],"curies":[{"name":"wp","href":"https:\/\/api.w.org\/{rel}","templated":true}]}}