{"id":539,"date":"2022-01-10T17:10:30","date_gmt":"2022-01-10T16:10:30","guid":{"rendered":"https:\/\/www.sba.si\/prenova\/?post_type=product&#038;p=539"},"modified":"2026-01-13T12:10:02","modified_gmt":"2026-01-13T11:10:02","slug":"trosilec-suhega-materiala","status":"publish","type":"product","link":"https:\/\/www.sba.si\/index.php\/izdelek\/trosilec-suhega-materiala\/","title":{"rendered":"trosilec suhega materiala"},"content":{"rendered":"","protected":false},"excerpt":{"rendered":"<p>Trosilnik suhega materiala uporabite za semena, suha granulatna gnojila, pesticide in materiale za taljenje ledu<\/p>\n<p>Za posipanje\u00a0 plo\u010dnikov, parkiri\u0161\u010d za taljenje ledu<\/p>\n<p>Lahko se uporablja tudi za gnojila za travnike<\/p>\n<p>2,2 kubi\u010dni no\u017eni polni ko\u0161<\/p>\n<p>12V motor z regulatorjem hitrosti in stikalo za vklop \/ izklop<\/p>\n<p>Omogo\u010da spreminjanje \u0161irine<\/p>\n<p>Radialni 6-rezilni ventilator iz nerjave\u010dega jekla<\/p>\n<p>Dr\u017ei do 145 lb.<\/p>\n<p>Vklju\u010deni so monta\u017eni nosilci<\/p>\n<p>Pokrov, ki se prodaja lo\u010deno<\/p>\n","protected":false},"featured_media":11152,"template":"","meta":[],"product_cat":[54,64,82],"product_tag":[],"_links":{"self":[{"href":"https:\/\/www.sba.si\/index.php\/wp-json\/wp\/v2\/product\/539"}],"collection":[{"href":"https:\/\/www.sba.si\/index.php\/wp-json\/wp\/v2\/product"}],"about":[{"href":"https:\/\/www.sba.si\/index.php\/wp-json\/wp\/v2\/types\/product"}],"version-history":[{"count":1,"href":"https:\/\/www.sba.si\/index.php\/wp-json\/wp\/v2\/product\/539\/revisions"}],"predecessor-version":[{"id":11151,"href":"https:\/\/www.sba.si\/index.php\/wp-json\/wp\/v2\/product\/539\/revisions\/11151"}],"wp:featuredmedia":[{"embeddable":true,"href":"https:\/\/www.sba.si\/index.php\/wp-json\/wp\/v2\/media\/11152"}],"wp:attachment":[{"href":"https:\/\/www.sba.si\/index.php\/wp-json\/wp\/v2\/media?parent=539"}],"wp:term":[{"taxonomy":"product_cat","embeddable":true,"href":"https:\/\/www.sba.si\/index.php\/wp-json\/wp\/v2\/product_cat?post=539"},{"taxonomy":"product_tag","embeddable":true,"href":"https:\/\/www.sba.si\/index.php\/wp-json\/wp\/v2\/product_tag?post=539"}],"curies":[{"name":"wp","href":"https:\/\/api.w.org\/{rel}","templated":true}]}}