{"id":5439,"date":"2022-12-28T10:09:59","date_gmt":"2022-12-28T10:09:59","guid":{"rendered":"https:\/\/www.sba.si\/?post_type=product&#038;p=5439"},"modified":"2022-12-28T10:10:00","modified_gmt":"2022-12-28T10:10:00","slug":"itp-duracity-25x8x12-25x10x12-komplet","status":"publish","type":"product","link":"https:\/\/www.sba.si\/index.php\/izdelek\/itp-duracity-25x8x12-25x10x12-komplet\/","title":{"rendered":"ITP DURACITY 25x8x12 -25x10x12 &#8211; KOMPLET"},"content":{"rendered":"","protected":false},"excerpt":{"rendered":"<p>Pnevmatika s celoletnim profilom. ITP Duracity pnevmatika nudi zaradi radialnega gostega profila minimalno obrabo pri vo\u017enji po cesti. Kljub temu pa se odli\u010dno izka\u017ee na mokri podlagi.<br \/>\nNamenjena tistim, ki prete\u017eno vozijo \u0161tirikolesnike po trdi podlagi (cesta, makadam) in bla\u017eji terenski vo\u017enji (travniki, polja).<\/p>\n<p>&nbsp;<\/p>\n","protected":false},"featured_media":5440,"template":"","meta":[],"product_cat":[75,87,88],"product_tag":[],"_links":{"self":[{"href":"https:\/\/www.sba.si\/index.php\/wp-json\/wp\/v2\/product\/5439"}],"collection":[{"href":"https:\/\/www.sba.si\/index.php\/wp-json\/wp\/v2\/product"}],"about":[{"href":"https:\/\/www.sba.si\/index.php\/wp-json\/wp\/v2\/types\/product"}],"version-history":[{"count":1,"href":"https:\/\/www.sba.si\/index.php\/wp-json\/wp\/v2\/product\/5439\/revisions"}],"predecessor-version":[{"id":5442,"href":"https:\/\/www.sba.si\/index.php\/wp-json\/wp\/v2\/product\/5439\/revisions\/5442"}],"wp:featuredmedia":[{"embeddable":true,"href":"https:\/\/www.sba.si\/index.php\/wp-json\/wp\/v2\/media\/5440"}],"wp:attachment":[{"href":"https:\/\/www.sba.si\/index.php\/wp-json\/wp\/v2\/media?parent=5439"}],"wp:term":[{"taxonomy":"product_cat","embeddable":true,"href":"https:\/\/www.sba.si\/index.php\/wp-json\/wp\/v2\/product_cat?post=5439"},{"taxonomy":"product_tag","embeddable":true,"href":"https:\/\/www.sba.si\/index.php\/wp-json\/wp\/v2\/product_tag?post=5439"}],"curies":[{"name":"wp","href":"https:\/\/api.w.org\/{rel}","templated":true}]}}