{"id":544,"date":"2022-01-10T17:10:31","date_gmt":"2022-01-10T16:10:31","guid":{"rendered":"https:\/\/www.sba.si\/prenova\/?post_type=product&#038;p=544"},"modified":"2022-01-10T17:12:52","modified_gmt":"2022-01-10T16:12:52","slug":"ocala","status":"publish","type":"product","link":"https:\/\/www.sba.si\/index.php\/izdelek\/ocala\/","title":{"rendered":"O\u010cALA"},"content":{"rendered":"","protected":false},"excerpt":{"rendered":"<p>Posebna serija o\u010dal<\/p>\n<p>Fleksibilen, a obstojen \u00a0okvir z odzra\u010devanjem<\/p>\n<p>Nova pena z ve\u010djo gostoto s podlago iz flisa zagotavlja odli\u010dno uporabo\u00a0 in tesni pred prahom in umazanijo<\/p>\n<p>Opti\u010dno \u010dista zrcalna le\u010da s prevleko, odporna na praske in s prevleko proti megli<\/p>\n<p>Elasti\u010dni trak, z lepljivim oprijemom, ki dr\u017ei o\u010dala na mestu<\/p>\n<p>Velika odprtina za o\u010di za maksimalno vidljivost v vseh smereh<\/p>\n<p>Mo\u017enost zamenjave\u00a0 le\u010d<\/p>\n","protected":false},"featured_media":628,"template":"","meta":[],"product_cat":[38,45,84],"product_tag":[],"_links":{"self":[{"href":"https:\/\/www.sba.si\/index.php\/wp-json\/wp\/v2\/product\/544"}],"collection":[{"href":"https:\/\/www.sba.si\/index.php\/wp-json\/wp\/v2\/product"}],"about":[{"href":"https:\/\/www.sba.si\/index.php\/wp-json\/wp\/v2\/types\/product"}],"version-history":[{"count":0,"href":"https:\/\/www.sba.si\/index.php\/wp-json\/wp\/v2\/product\/544\/revisions"}],"wp:featuredmedia":[{"embeddable":true,"href":"https:\/\/www.sba.si\/index.php\/wp-json\/wp\/v2\/media\/628"}],"wp:attachment":[{"href":"https:\/\/www.sba.si\/index.php\/wp-json\/wp\/v2\/media?parent=544"}],"wp:term":[{"taxonomy":"product_cat","embeddable":true,"href":"https:\/\/www.sba.si\/index.php\/wp-json\/wp\/v2\/product_cat?post=544"},{"taxonomy":"product_tag","embeddable":true,"href":"https:\/\/www.sba.si\/index.php\/wp-json\/wp\/v2\/product_tag?post=544"}],"curies":[{"name":"wp","href":"https:\/\/api.w.org\/{rel}","templated":true}]}}