{"id":5443,"date":"2022-12-28T10:24:45","date_gmt":"2022-12-28T10:24:45","guid":{"rendered":"https:\/\/www.sba.si\/?post_type=product&#038;p=5443"},"modified":"2023-11-14T13:53:13","modified_gmt":"2023-11-14T13:53:13","slug":"itp-terracross-25x8x12-25x10x12-komplet","status":"publish","type":"product","link":"https:\/\/www.sba.si\/index.php\/izdelek\/itp-terracross-25x8x12-25x10x12-komplet\/","title":{"rendered":"ITP TERRACROSS 25x8x12 25x10x12 KOMPLET"},"content":{"rendered":"","protected":false},"excerpt":{"rendered":"<p>Nova standardna pnevmatika za grde terene\u00a0 primerno za vse ATV \/ Side by side, radialna, 6-slojna, lahka, Extreme Duty konstrukcija, izbolj\u0161ana za\u0161\u010dita pred predrtjem, dodatna stranska plast, mo\u010dna gumijasta zmes, prepleteni vzorci tekalne plasti, homologiran<\/p>\n","protected":false},"featured_media":5445,"template":"","meta":[],"product_cat":[75,87,88],"product_tag":[],"_links":{"self":[{"href":"https:\/\/www.sba.si\/index.php\/wp-json\/wp\/v2\/product\/5443"}],"collection":[{"href":"https:\/\/www.sba.si\/index.php\/wp-json\/wp\/v2\/product"}],"about":[{"href":"https:\/\/www.sba.si\/index.php\/wp-json\/wp\/v2\/types\/product"}],"version-history":[{"count":1,"href":"https:\/\/www.sba.si\/index.php\/wp-json\/wp\/v2\/product\/5443\/revisions"}],"predecessor-version":[{"id":5446,"href":"https:\/\/www.sba.si\/index.php\/wp-json\/wp\/v2\/product\/5443\/revisions\/5446"}],"wp:featuredmedia":[{"embeddable":true,"href":"https:\/\/www.sba.si\/index.php\/wp-json\/wp\/v2\/media\/5445"}],"wp:attachment":[{"href":"https:\/\/www.sba.si\/index.php\/wp-json\/wp\/v2\/media?parent=5443"}],"wp:term":[{"taxonomy":"product_cat","embeddable":true,"href":"https:\/\/www.sba.si\/index.php\/wp-json\/wp\/v2\/product_cat?post=5443"},{"taxonomy":"product_tag","embeddable":true,"href":"https:\/\/www.sba.si\/index.php\/wp-json\/wp\/v2\/product_tag?post=5443"}],"curies":[{"name":"wp","href":"https:\/\/api.w.org\/{rel}","templated":true}]}}