{"id":5447,"date":"2022-12-28T10:38:57","date_gmt":"2022-12-28T10:38:57","guid":{"rendered":"https:\/\/www.sba.si\/?post_type=product&#038;p=5447"},"modified":"2022-12-28T10:38:57","modified_gmt":"2022-12-28T10:38:57","slug":"kenda-k-585-25x8x12-25x10x12-komplet","status":"publish","type":"product","link":"https:\/\/www.sba.si\/index.php\/izdelek\/kenda-k-585-25x8x12-25x10x12-komplet\/","title":{"rendered":"KENDA K 585 25x8x12 &#8211; 25x10x12 &#8211; KOMPLET"},"content":{"rendered":"","protected":false},"excerpt":{"rendered":"<p>&nbsp;<\/p>\n<p>Pnevmatika Bounty Hunter HT UTV je zasnovana posebej za trde do vmesne povr\u0161ine.<\/p>\n<p>Vzorec tekalne plasti je zasnovan za srednje do trde terene<br \/>\nRadialna pnevmatika, zasnovana posebej za trg SIDE-BY-SIDE UTV<br \/>\nIzjemno trdno 8-slojno ohi\u0161je HEAVY DUTY je odporno na predrtje ter izbolj\u0161a kakovost vo\u017enje in vodljivost<\/p>\n","protected":false},"featured_media":5448,"template":"","meta":[],"product_cat":[75,87,88],"product_tag":[],"_links":{"self":[{"href":"https:\/\/www.sba.si\/index.php\/wp-json\/wp\/v2\/product\/5447"}],"collection":[{"href":"https:\/\/www.sba.si\/index.php\/wp-json\/wp\/v2\/product"}],"about":[{"href":"https:\/\/www.sba.si\/index.php\/wp-json\/wp\/v2\/types\/product"}],"version-history":[{"count":1,"href":"https:\/\/www.sba.si\/index.php\/wp-json\/wp\/v2\/product\/5447\/revisions"}],"predecessor-version":[{"id":5452,"href":"https:\/\/www.sba.si\/index.php\/wp-json\/wp\/v2\/product\/5447\/revisions\/5452"}],"wp:featuredmedia":[{"embeddable":true,"href":"https:\/\/www.sba.si\/index.php\/wp-json\/wp\/v2\/media\/5448"}],"wp:attachment":[{"href":"https:\/\/www.sba.si\/index.php\/wp-json\/wp\/v2\/media?parent=5447"}],"wp:term":[{"taxonomy":"product_cat","embeddable":true,"href":"https:\/\/www.sba.si\/index.php\/wp-json\/wp\/v2\/product_cat?post=5447"},{"taxonomy":"product_tag","embeddable":true,"href":"https:\/\/www.sba.si\/index.php\/wp-json\/wp\/v2\/product_tag?post=5447"}],"curies":[{"name":"wp","href":"https:\/\/api.w.org\/{rel}","templated":true}]}}