{"id":5729,"date":"2023-02-28T15:02:48","date_gmt":"2023-02-28T15:02:48","guid":{"rendered":"https:\/\/www.sba.si\/?post_type=product&#038;p=5729"},"modified":"2025-03-13T15:08:35","modified_gmt":"2025-03-13T14:08:35","slug":"atv-kovcek-ax120","status":"publish","type":"product","link":"https:\/\/www.sba.si\/index.php\/izdelek\/atv-kovcek-ax120\/","title":{"rendered":"ATV KOV\u010cEK AX120"},"content":{"rendered":"<p>Kov\u010dek za \u0161tirikolesnik AX120 ponuja visokokakovostno izdelavo iz HDPE materiala. Dovolj velik za potovanja in delo. Model AX120 nudi tudi zaklep preko dveh klju\u010davnic in hitro monta\u017eo &#8211; demonta\u017eo preko prilo\u017eenega materiala.<\/p>\n<p>Namenski kov\u010dek za TGB 600 in TGB 1000 modele \u0161tirikolesnikov.<\/p>\n<p>Kapaciteta: 120 litrov, dovolj velik za dve \u010deladi in ostalo prtljago,<br \/>\ndvojni zaklepanje preko klju\u010davnic,<br \/>\nvodotesen,<br \/>\n\u010drne barve,<br \/>\nhitro monta\u017eni material prilo\u017een.<\/p>\n<p>Prilagojen za vse \u0161tirikolesnike, namensko pa so luknje pripravljene za modele: TGB 1000LT \/ 1000LTX \/ 600LT \/ 600LTX.<\/p>\n","protected":false},"excerpt":{"rendered":"<p>ATV kov\u010dek navdu\u0161uje s svojo obliko, ki je lepo zdru\u017eljiva z zasnovo vsakega ATV-a in ga naredi enega bolj prostornih in prakti\u010dnih v svojem razredu. Zo\u017eeno dno omogo\u010da pozicioniranje na vsakem prtlja\u017eniku. ATV kov\u010dek je dobra re\u0161itev za prevoz vseh stvari.<\/p>\n<p>\u2013 Gumijasto tesnilo na zgornjem pokrovu \u0161\u010diti pred vlago in tudi med pranjem vozila,<\/p>\n<p>\u2013 kovinske klju\u010davnice s klju\u010di.<\/p>\n","protected":false},"featured_media":5735,"template":"","meta":[],"product_cat":[61,54,57,58],"product_tag":[],"_links":{"self":[{"href":"https:\/\/www.sba.si\/index.php\/wp-json\/wp\/v2\/product\/5729"}],"collection":[{"href":"https:\/\/www.sba.si\/index.php\/wp-json\/wp\/v2\/product"}],"about":[{"href":"https:\/\/www.sba.si\/index.php\/wp-json\/wp\/v2\/types\/product"}],"version-history":[{"count":2,"href":"https:\/\/www.sba.si\/index.php\/wp-json\/wp\/v2\/product\/5729\/revisions"}],"predecessor-version":[{"id":9161,"href":"https:\/\/www.sba.si\/index.php\/wp-json\/wp\/v2\/product\/5729\/revisions\/9161"}],"wp:featuredmedia":[{"embeddable":true,"href":"https:\/\/www.sba.si\/index.php\/wp-json\/wp\/v2\/media\/5735"}],"wp:attachment":[{"href":"https:\/\/www.sba.si\/index.php\/wp-json\/wp\/v2\/media?parent=5729"}],"wp:term":[{"taxonomy":"product_cat","embeddable":true,"href":"https:\/\/www.sba.si\/index.php\/wp-json\/wp\/v2\/product_cat?post=5729"},{"taxonomy":"product_tag","embeddable":true,"href":"https:\/\/www.sba.si\/index.php\/wp-json\/wp\/v2\/product_tag?post=5729"}],"curies":[{"name":"wp","href":"https:\/\/api.w.org\/{rel}","templated":true}]}}