{"id":5778,"date":"2023-03-23T12:24:13","date_gmt":"2023-03-23T12:24:13","guid":{"rendered":"https:\/\/www.sba.si\/?post_type=product&#038;p=5778"},"modified":"2026-03-27T09:03:20","modified_gmt":"2026-03-27T08:03:20","slug":"linhai-370efi-4x4-traktor","status":"publish","type":"product","link":"https:\/\/www.sba.si\/index.php\/izdelek\/linhai-370efi-4x4-traktor\/","title":{"rendered":"LINHAI 370EFI 4\u00d74 TRAKTOR"},"content":{"rendered":"","protected":false},"excerpt":{"rendered":"<p>Linhai 370 4\u00d74 je najcenej\u0161i ATV\u00a0 s \u0161tirikolesnim pogonom na trgu. Dovolj zmogljiv agregat, ugodna cena, poceni vzdr\u017eevanje, odli\u010dne vozne lastnosti uvr\u0161\u010dajo model Linhai 370 med ene najbolj dostopnih motorjev, ki bodo omogo\u010dili vstop v terensko vo\u017enjo in nudili vsesplo\u0161no uporabnost okoli doma. Pri vsakodnevni uporabi nas razveseljuje tih in zanesljiv vodno hlajen motor, elektri\u010dni preklop\u00a0 2\u00d74 ali 4\u00d74, vle\u010dna kljuka in elektri\u010dni vitel. Va\u0161a denarnica bo cenila dejstvo, da je to cenovno najbolj dostopen \u0161tirikolesnik primeren tako za delo kot zabavo.<\/p>\n<p>&nbsp;<\/p>\n","protected":false},"featured_media":5780,"template":"","meta":[],"product_cat":[59,60,116],"product_tag":[],"_links":{"self":[{"href":"https:\/\/www.sba.si\/index.php\/wp-json\/wp\/v2\/product\/5778"}],"collection":[{"href":"https:\/\/www.sba.si\/index.php\/wp-json\/wp\/v2\/product"}],"about":[{"href":"https:\/\/www.sba.si\/index.php\/wp-json\/wp\/v2\/types\/product"}],"version-history":[{"count":6,"href":"https:\/\/www.sba.si\/index.php\/wp-json\/wp\/v2\/product\/5778\/revisions"}],"predecessor-version":[{"id":11497,"href":"https:\/\/www.sba.si\/index.php\/wp-json\/wp\/v2\/product\/5778\/revisions\/11497"}],"wp:featuredmedia":[{"embeddable":true,"href":"https:\/\/www.sba.si\/index.php\/wp-json\/wp\/v2\/media\/5780"}],"wp:attachment":[{"href":"https:\/\/www.sba.si\/index.php\/wp-json\/wp\/v2\/media?parent=5778"}],"wp:term":[{"taxonomy":"product_cat","embeddable":true,"href":"https:\/\/www.sba.si\/index.php\/wp-json\/wp\/v2\/product_cat?post=5778"},{"taxonomy":"product_tag","embeddable":true,"href":"https:\/\/www.sba.si\/index.php\/wp-json\/wp\/v2\/product_tag?post=5778"}],"curies":[{"name":"wp","href":"https:\/\/api.w.org\/{rel}","templated":true}]}}