{"id":5863,"date":"2023-04-22T10:10:54","date_gmt":"2023-04-22T08:10:54","guid":{"rendered":"https:\/\/www.sba.si\/?post_type=product&#038;p=5863"},"modified":"2026-01-08T09:23:22","modified_gmt":"2026-01-08T08:23:22","slug":"cf-moto-z950r-sport-eps","status":"publish","type":"product","link":"https:\/\/www.sba.si\/index.php\/izdelek\/cf-moto-z950r-sport-eps\/","title":{"rendered":"CFMOTO ZFORCE Z950 SPORT EPS"},"content":{"rendered":"","protected":false},"excerpt":{"rendered":"<p>CFMOTO Z950 SPORT EPS!<\/p>\n<p>Drzna in popolnoma izvirna zasnova, izjemno zmogljiv dvovaljni 1000-kubi\u010dni motor s sedaj kar 85KM in najsodobnej\u0161a tehnologija s sodobnim, nastavljivim, naprednim, plinskim podvozjem prina\u0161ajo povsem novo dimenzijo zabave!<\/p>\n<p>Takoj\u0161en odziv preko elektronsko nadzorovanega gasa, najsodobnej\u0161i progresivni servo volan in dobro nastavljeno moderno podvozje omogo\u010dajo da noben teren ne bo ovira in noben hrib ne predolg.<\/p>\n<p>1000ccm3 motor z EFI elektronskim vbrizgom goriva bo presegel pri\u010dakovanja najbolj zahtevnih uporabnikov, zlasti s svojo prilagodljivostjo in gladkim delovanjem. \u010ce potrebujete eksplozivno energijo, vas bo pritisk na pedal za plin potisnil v anatomsko oblikovan sede\u017e.<\/p>\n<p>Uporabnik bo zelo cenil streho in polna vrata, ki so serijsko na vozilu in nudijo dodatno varnost tudi v najte\u017ejih situacijah. Visoko zmogljivi \u017earometi LED bodo v vseh okoli\u0161\u010dinah osvetlili teren z intenzivno svetlobo. Poleg prakti\u010dno postavljenih predalov v notranjosti, serijsko vgrajenim kov\u010dkom so tudi ena glavnih oblikovalskih atrakcij celotnega modela. V osnovni opremi je tudi homologirana vle\u010dna naprava z elektri\u010dno vti\u010dnico in elektri\u010dni vitel. Novi CFMOTO ZFORCE 950 Sport je opremljen s 37-litrskim rezervoarjem za gorivo.<\/p>\n<p>CFMOTO Z950 Sport &#8211; prava adrenalinska izku\u0161nja se lahko za\u010dne!<\/p>\n","protected":false},"featured_media":6397,"template":"","meta":[],"product_cat":[124,59,68,115],"product_tag":[],"_links":{"self":[{"href":"https:\/\/www.sba.si\/index.php\/wp-json\/wp\/v2\/product\/5863"}],"collection":[{"href":"https:\/\/www.sba.si\/index.php\/wp-json\/wp\/v2\/product"}],"about":[{"href":"https:\/\/www.sba.si\/index.php\/wp-json\/wp\/v2\/types\/product"}],"version-history":[{"count":5,"href":"https:\/\/www.sba.si\/index.php\/wp-json\/wp\/v2\/product\/5863\/revisions"}],"predecessor-version":[{"id":9794,"href":"https:\/\/www.sba.si\/index.php\/wp-json\/wp\/v2\/product\/5863\/revisions\/9794"}],"wp:featuredmedia":[{"embeddable":true,"href":"https:\/\/www.sba.si\/index.php\/wp-json\/wp\/v2\/media\/6397"}],"wp:attachment":[{"href":"https:\/\/www.sba.si\/index.php\/wp-json\/wp\/v2\/media?parent=5863"}],"wp:term":[{"taxonomy":"product_cat","embeddable":true,"href":"https:\/\/www.sba.si\/index.php\/wp-json\/wp\/v2\/product_cat?post=5863"},{"taxonomy":"product_tag","embeddable":true,"href":"https:\/\/www.sba.si\/index.php\/wp-json\/wp\/v2\/product_tag?post=5863"}],"curies":[{"name":"wp","href":"https:\/\/api.w.org\/{rel}","templated":true}]}}