{"id":6067,"date":"2023-08-06T09:29:43","date_gmt":"2023-08-06T09:29:43","guid":{"rendered":"https:\/\/www.sba.si\/?post_type=product&#038;p=6067"},"modified":"2023-08-06T09:29:44","modified_gmt":"2023-08-06T09:29:44","slug":"buldog-b306-24x8x12","status":"publish","type":"product","link":"https:\/\/www.sba.si\/index.php\/izdelek\/buldog-b306-24x8x12\/","title":{"rendered":"BULDOG B306 24x8x12"},"content":{"rendered":"","protected":false},"excerpt":{"rendered":"<p>KVALITETNA ATV PNEVMATIKA BULDOG B306<br \/>\nZELO ZMOGLJIVA GUMA ZA CESTO IN TEREN<\/p>\n<p>24X8X12 SPREDNJA &#8211; AKCIJSKA CENA &#8211; SAMO 70\u20ac<br \/>\nREDNA CENA &#8211; JE 75\u20ac<br \/>\n24X11X10 ZADNJA &#8211; AKCIJSKA CENA &#8211; SAMO 89\u20ac<br \/>\nREDNA CENA &#8211; JE 105\u20ac<\/p>\n<p>CENA KOMPLETA SAMO- 300EUR<\/p>\n<p>Koli\u010dina je omejena<\/p>\n<p>MO\u017dNOST MONTA\u017dE<\/p>\n<p>MO\u017dNOST PO\u0160ILJANJA PO PO\u0160TI.<\/p>\n<p>&nbsp;<\/p>\n","protected":false},"featured_media":6065,"template":"","meta":[],"product_cat":[75,87,88],"product_tag":[],"_links":{"self":[{"href":"https:\/\/www.sba.si\/index.php\/wp-json\/wp\/v2\/product\/6067"}],"collection":[{"href":"https:\/\/www.sba.si\/index.php\/wp-json\/wp\/v2\/product"}],"about":[{"href":"https:\/\/www.sba.si\/index.php\/wp-json\/wp\/v2\/types\/product"}],"version-history":[{"count":1,"href":"https:\/\/www.sba.si\/index.php\/wp-json\/wp\/v2\/product\/6067\/revisions"}],"predecessor-version":[{"id":6068,"href":"https:\/\/www.sba.si\/index.php\/wp-json\/wp\/v2\/product\/6067\/revisions\/6068"}],"wp:featuredmedia":[{"embeddable":true,"href":"https:\/\/www.sba.si\/index.php\/wp-json\/wp\/v2\/media\/6065"}],"wp:attachment":[{"href":"https:\/\/www.sba.si\/index.php\/wp-json\/wp\/v2\/media?parent=6067"}],"wp:term":[{"taxonomy":"product_cat","embeddable":true,"href":"https:\/\/www.sba.si\/index.php\/wp-json\/wp\/v2\/product_cat?post=6067"},{"taxonomy":"product_tag","embeddable":true,"href":"https:\/\/www.sba.si\/index.php\/wp-json\/wp\/v2\/product_tag?post=6067"}],"curies":[{"name":"wp","href":"https:\/\/api.w.org\/{rel}","templated":true}]}}