{"id":6070,"date":"2023-08-06T10:49:07","date_gmt":"2023-08-06T10:49:07","guid":{"rendered":"https:\/\/www.sba.si\/?post_type=product&#038;p=6070"},"modified":"2023-08-06T11:03:45","modified_gmt":"2023-08-06T11:03:45","slug":"moose-tuf-trac-25x8x12-in-25x10x12-komplet","status":"publish","type":"product","link":"https:\/\/www.sba.si\/index.php\/izdelek\/moose-tuf-trac-25x8x12-in-25x10x12-komplet\/","title":{"rendered":"MOOSE TUF TRAC 25x8x12 in 25x10x12 -KOMPLET"},"content":{"rendered":"","protected":false},"excerpt":{"rendered":"<p>&nbsp;<\/p>\n<p>ATV GUME MOOSE TUF TRAC<br \/>\n25x8x12<br \/>\n25x10x12<br \/>\nkomplet za samo 299\u20ac<\/p>\n<p>Velja samo do odprodaje zalog<\/p>\n<p>MOOSE TUF TRAC-<br \/>\n4-SLOJNE PNEVMATIKE ZA VE\u010c TERENOV<\/p>\n<p>Dizajn vzorca tekalne plasti za enostavno vo\u017enjo in kotaljenje<\/p>\n<p>Velikosti za \u0161iroko paleto aplikacij \u0161tirikolesnikov 4&#215;4<\/p>\n<p>Cenovno ugodna nadomestna pnevmatika<\/p>\n<p>\u0160irok profil tekalne plasti za izbolj\u0161ano sledenje na razgibanem terenu<\/p>\n<p>Usmerjena zasnova za dobro u\u010dinkovitost \u010di\u0161\u010denja<\/p>\n","protected":false},"featured_media":6073,"template":"","meta":[],"product_cat":[61,75,87,88],"product_tag":[],"_links":{"self":[{"href":"https:\/\/www.sba.si\/index.php\/wp-json\/wp\/v2\/product\/6070"}],"collection":[{"href":"https:\/\/www.sba.si\/index.php\/wp-json\/wp\/v2\/product"}],"about":[{"href":"https:\/\/www.sba.si\/index.php\/wp-json\/wp\/v2\/types\/product"}],"version-history":[{"count":1,"href":"https:\/\/www.sba.si\/index.php\/wp-json\/wp\/v2\/product\/6070\/revisions"}],"predecessor-version":[{"id":6074,"href":"https:\/\/www.sba.si\/index.php\/wp-json\/wp\/v2\/product\/6070\/revisions\/6074"}],"wp:featuredmedia":[{"embeddable":true,"href":"https:\/\/www.sba.si\/index.php\/wp-json\/wp\/v2\/media\/6073"}],"wp:attachment":[{"href":"https:\/\/www.sba.si\/index.php\/wp-json\/wp\/v2\/media?parent=6070"}],"wp:term":[{"taxonomy":"product_cat","embeddable":true,"href":"https:\/\/www.sba.si\/index.php\/wp-json\/wp\/v2\/product_cat?post=6070"},{"taxonomy":"product_tag","embeddable":true,"href":"https:\/\/www.sba.si\/index.php\/wp-json\/wp\/v2\/product_tag?post=6070"}],"curies":[{"name":"wp","href":"https:\/\/api.w.org\/{rel}","templated":true}]}}