{"id":6084,"date":"2023-08-16T10:16:48","date_gmt":"2023-08-16T08:16:48","guid":{"rendered":"https:\/\/www.sba.si\/?post_type=product&#038;p=6084"},"modified":"2026-03-30T08:55:42","modified_gmt":"2026-03-30T06:55:42","slug":"cf-moto-625l-overland-traktor","status":"publish","type":"product","link":"https:\/\/www.sba.si\/index.php\/izdelek\/cf-moto-625l-overland-traktor\/","title":{"rendered":"CFMOTO 625L EPS OVERLAND &#8211; TRAKTOR"},"content":{"rendered":"","protected":false},"excerpt":{"rendered":"<p>CFMOTO CForce 625 Overland predstavlja posebno razli\u010dico modela CFMOTO 625, ki je na voljo v posebni barvi, serijsko pa vklju\u010duje vetrobran, kov\u010dek zadaj, sprednji in zadnji odbija\u010d, za dodatno varnost pa \u0161e kompletno ALU za\u0161\u010dito podvozja. S posodobljenim agregatom in kar 33kW (44HP) bo popestril vsako terensko izku\u0161njo in vam omogo\u010dil u\u017eitek pri vo\u017enji in delu. Novost je tudi elektronski gas, ki vam sedaj nudi dva na\u010dina delovanja (WORK &#8211; delovni na\u010din z manj odzivno ro\u010dico plina in NORMAL &#8211; maksimalna odzivnost ro\u010dice plina).<\/p>\n","protected":false},"featured_media":6087,"template":"","meta":[],"product_cat":[59,68,115],"product_tag":[],"_links":{"self":[{"href":"https:\/\/www.sba.si\/index.php\/wp-json\/wp\/v2\/product\/6084"}],"collection":[{"href":"https:\/\/www.sba.si\/index.php\/wp-json\/wp\/v2\/product"}],"about":[{"href":"https:\/\/www.sba.si\/index.php\/wp-json\/wp\/v2\/types\/product"}],"version-history":[{"count":5,"href":"https:\/\/www.sba.si\/index.php\/wp-json\/wp\/v2\/product\/6084\/revisions"}],"predecessor-version":[{"id":8562,"href":"https:\/\/www.sba.si\/index.php\/wp-json\/wp\/v2\/product\/6084\/revisions\/8562"}],"wp:featuredmedia":[{"embeddable":true,"href":"https:\/\/www.sba.si\/index.php\/wp-json\/wp\/v2\/media\/6087"}],"wp:attachment":[{"href":"https:\/\/www.sba.si\/index.php\/wp-json\/wp\/v2\/media?parent=6084"}],"wp:term":[{"taxonomy":"product_cat","embeddable":true,"href":"https:\/\/www.sba.si\/index.php\/wp-json\/wp\/v2\/product_cat?post=6084"},{"taxonomy":"product_tag","embeddable":true,"href":"https:\/\/www.sba.si\/index.php\/wp-json\/wp\/v2\/product_tag?post=6084"}],"curies":[{"name":"wp","href":"https:\/\/api.w.org\/{rel}","templated":true}]}}