{"id":6153,"date":"2023-09-23T09:17:14","date_gmt":"2023-09-23T09:17:14","guid":{"rendered":"https:\/\/www.sba.si\/?post_type=product&#038;p=6153"},"modified":"2025-01-22T15:29:21","modified_gmt":"2025-01-22T14:29:21","slug":"cfmoto-cf110-youth","status":"publish","type":"product","link":"https:\/\/www.sba.si\/index.php\/izdelek\/cfmoto-cf110-youth\/","title":{"rendered":"CFMOTO CF110 YOUTH &#8211; OTRO\u0160KI \u0160TIRIKOLESNIK &#8211; ATV"},"content":{"rendered":"","protected":false},"excerpt":{"rendered":"<p>CFMOTO CFORCE 110 YOUTH ponuja najmlaj\u0161im varen vstop v svet \u0161tirikolesnikov. Z mo\u017enostjo mehanske kontrole nad hitrostjo in digitalno nastavitvijo dovoljene oddaljenosti vozila preko aplikacije, boste va\u0161im najmlaj\u0161im zagotovili varno izku\u0161njo, sebi kot star\u0161em pa manj skrbi.<\/p>\n","protected":false},"featured_media":6157,"template":"","meta":[],"product_cat":[130,68,111,115],"product_tag":[],"_links":{"self":[{"href":"https:\/\/www.sba.si\/index.php\/wp-json\/wp\/v2\/product\/6153"}],"collection":[{"href":"https:\/\/www.sba.si\/index.php\/wp-json\/wp\/v2\/product"}],"about":[{"href":"https:\/\/www.sba.si\/index.php\/wp-json\/wp\/v2\/types\/product"}],"version-history":[{"count":3,"href":"https:\/\/www.sba.si\/index.php\/wp-json\/wp\/v2\/product\/6153\/revisions"}],"predecessor-version":[{"id":6951,"href":"https:\/\/www.sba.si\/index.php\/wp-json\/wp\/v2\/product\/6153\/revisions\/6951"}],"wp:featuredmedia":[{"embeddable":true,"href":"https:\/\/www.sba.si\/index.php\/wp-json\/wp\/v2\/media\/6157"}],"wp:attachment":[{"href":"https:\/\/www.sba.si\/index.php\/wp-json\/wp\/v2\/media?parent=6153"}],"wp:term":[{"taxonomy":"product_cat","embeddable":true,"href":"https:\/\/www.sba.si\/index.php\/wp-json\/wp\/v2\/product_cat?post=6153"},{"taxonomy":"product_tag","embeddable":true,"href":"https:\/\/www.sba.si\/index.php\/wp-json\/wp\/v2\/product_tag?post=6153"}],"curies":[{"name":"wp","href":"https:\/\/api.w.org\/{rel}","templated":true}]}}