{"id":6163,"date":"2023-09-25T11:03:48","date_gmt":"2023-09-25T09:03:48","guid":{"rendered":"https:\/\/www.sba.si\/?post_type=product&#038;p=6163"},"modified":"2026-05-04T11:03:06","modified_gmt":"2026-05-04T09:03:06","slug":"cf-moto-625l-eps-overland-euro5","status":"publish","type":"product","link":"https:\/\/www.sba.si\/index.php\/izdelek\/cf-moto-625l-eps-overland-euro5\/","title":{"rendered":"CFMOTO 625L EPS OVERLAND EURO 5"},"content":{"rendered":"","protected":false},"excerpt":{"rendered":"<p>CFMOTO CForce 625 Overland predstavlja posebno razli\u010dico modela CFMOTO 625, ki je na voljo v posebni barvi, serijsko pa vklju\u010duje vetrobran, kov\u010dek zadaj, sprednji in zadnji odbija\u010d, za dodatno sigurnost pa \u0161e kompletno ALU za\u0161\u010dito podvozja. S posodobljenim agregatom bo popestril vsako terensko izku\u0161njo in vam omogo\u010dil u\u017eitek pri vo\u017enji in delu.<\/p>\n","protected":false},"featured_media":6087,"template":"","meta":[],"product_cat":[59,68,111],"product_tag":[],"_links":{"self":[{"href":"https:\/\/www.sba.si\/index.php\/wp-json\/wp\/v2\/product\/6163"}],"collection":[{"href":"https:\/\/www.sba.si\/index.php\/wp-json\/wp\/v2\/product"}],"about":[{"href":"https:\/\/www.sba.si\/index.php\/wp-json\/wp\/v2\/types\/product"}],"version-history":[{"count":3,"href":"https:\/\/www.sba.si\/index.php\/wp-json\/wp\/v2\/product\/6163\/revisions"}],"predecessor-version":[{"id":8561,"href":"https:\/\/www.sba.si\/index.php\/wp-json\/wp\/v2\/product\/6163\/revisions\/8561"}],"wp:featuredmedia":[{"embeddable":true,"href":"https:\/\/www.sba.si\/index.php\/wp-json\/wp\/v2\/media\/6087"}],"wp:attachment":[{"href":"https:\/\/www.sba.si\/index.php\/wp-json\/wp\/v2\/media?parent=6163"}],"wp:term":[{"taxonomy":"product_cat","embeddable":true,"href":"https:\/\/www.sba.si\/index.php\/wp-json\/wp\/v2\/product_cat?post=6163"},{"taxonomy":"product_tag","embeddable":true,"href":"https:\/\/www.sba.si\/index.php\/wp-json\/wp\/v2\/product_tag?post=6163"}],"curies":[{"name":"wp","href":"https:\/\/api.w.org\/{rel}","templated":true}]}}