{"id":6337,"date":"2023-11-09T11:43:04","date_gmt":"2023-11-09T11:43:04","guid":{"rendered":"https:\/\/www.sba.si\/?post_type=product&#038;p=6337"},"modified":"2023-11-09T11:43:57","modified_gmt":"2023-11-09T11:43:57","slug":"celada-ls2-ff902-crna-rdeca","status":"publish","type":"product","link":"https:\/\/www.sba.si\/index.php\/izdelek\/celada-ls2-ff902-crna-rdeca\/","title":{"rendered":"\u010cELADA LS2 FF902 &#8211; \u010cRNA RDE\u010cA"},"content":{"rendered":"","protected":false},"excerpt":{"rendered":"<p>\u0160portna\/turna \u010delada,visoka varnost in popolno udobje, HPTT kompozitna lupina, zlo\u017eljiva notranja son\u010dna za\u0161\u010dita, polikarbonatni vizir proti praskam\/proti UV, prezra\u010devanje z nastavljivimi dovodi zraka, za\u0161\u010dita za brado, odstranljiva in pralna notranjost, hitro zapenjanje s sponko, prilo\u017een Pinlock Max Vision, 1650 g<\/p>\n","protected":false},"featured_media":6333,"template":"","meta":[],"product_cat":[38,45,47],"product_tag":[],"_links":{"self":[{"href":"https:\/\/www.sba.si\/index.php\/wp-json\/wp\/v2\/product\/6337"}],"collection":[{"href":"https:\/\/www.sba.si\/index.php\/wp-json\/wp\/v2\/product"}],"about":[{"href":"https:\/\/www.sba.si\/index.php\/wp-json\/wp\/v2\/types\/product"}],"version-history":[{"count":1,"href":"https:\/\/www.sba.si\/index.php\/wp-json\/wp\/v2\/product\/6337\/revisions"}],"predecessor-version":[{"id":6338,"href":"https:\/\/www.sba.si\/index.php\/wp-json\/wp\/v2\/product\/6337\/revisions\/6338"}],"wp:featuredmedia":[{"embeddable":true,"href":"https:\/\/www.sba.si\/index.php\/wp-json\/wp\/v2\/media\/6333"}],"wp:attachment":[{"href":"https:\/\/www.sba.si\/index.php\/wp-json\/wp\/v2\/media?parent=6337"}],"wp:term":[{"taxonomy":"product_cat","embeddable":true,"href":"https:\/\/www.sba.si\/index.php\/wp-json\/wp\/v2\/product_cat?post=6337"},{"taxonomy":"product_tag","embeddable":true,"href":"https:\/\/www.sba.si\/index.php\/wp-json\/wp\/v2\/product_tag?post=6337"}],"curies":[{"name":"wp","href":"https:\/\/api.w.org\/{rel}","templated":true}]}}