{"id":6352,"date":"2023-11-09T11:59:18","date_gmt":"2023-11-09T11:59:18","guid":{"rendered":"https:\/\/www.sba.si\/?post_type=product&#038;p=6352"},"modified":"2025-07-24T12:06:45","modified_gmt":"2025-07-24T10:06:45","slug":"celada-kappa-kv-50-modra-rdeca","status":"publish","type":"product","link":"https:\/\/www.sba.si\/index.php\/izdelek\/celada-kappa-kv-50-modra-rdeca\/","title":{"rendered":"\u010cELADA KAPPA KV 50 &#8211; Modra rde\u010da"},"content":{"rendered":"","protected":false},"excerpt":{"rendered":"<p>Kappa KV50 je preklopna motoristi\u010dna \u010delada izdelana iz polikarbonata, zelo udobna in primerna tudi za dalj\u0161e vo\u017enje, notranje podloge so antibakterijske in so odstranljive in pralne. Za dodatno udobje pa je \u010delada Kappa KV50 opremljena z naprednim sistemom za prezra\u010devanje z ve\u010d zra\u010dniki.<\/p>\n<hr \/>\n<ul>\n<li>Material: Polikarbonat<\/li>\n<li>Notranja podloga odstranljiva, pralna in antibakterijska<\/li>\n<li>Notranje li\u010dnice odstranljive in pralne<\/li>\n<li>Vizir odporen na praske<\/li>\n<li>Zapiranje z mikroregulacijo<\/li>\n<li>Notranji zatemnjen son\u010dni vizir<\/li>\n<li>Za\u0161\u010dita nosa<\/li>\n<li>Spodnja za\u0161\u010dita proti vetru<\/li>\n<li>Vizir omogo\u010da namestitev Pinlock-a (ni prilo\u017een)<\/li>\n<li>Mo\u017enost namestitve bluetooth komunikacije (ni prilo\u017eeno)<\/li>\n<\/ul>\n<hr \/>\n<ul>\n<li>Mere: 54\/XS \u2013 56\/S \u2013 58\/M \u2013 60\/L \u2013 61\/XL \u2013 63\/XXL<\/li>\n<li>Te\u017ea: 1650g \/-50g<\/li>\n<\/ul>\n<hr \/>\n<p>Barvne kombinacije:<\/p>\n<ul>\n<li>titanium-fluo<\/li>\n<li>srebrna<\/li>\n<li>\u010drno-rde\u010da<\/li>\n<li>modra-rde\u010da<\/li>\n<\/ul>\n","protected":false},"featured_media":6353,"template":"","meta":[],"product_cat":[38,45,47],"product_tag":[],"_links":{"self":[{"href":"https:\/\/www.sba.si\/index.php\/wp-json\/wp\/v2\/product\/6352"}],"collection":[{"href":"https:\/\/www.sba.si\/index.php\/wp-json\/wp\/v2\/product"}],"about":[{"href":"https:\/\/www.sba.si\/index.php\/wp-json\/wp\/v2\/types\/product"}],"version-history":[{"count":1,"href":"https:\/\/www.sba.si\/index.php\/wp-json\/wp\/v2\/product\/6352\/revisions"}],"predecessor-version":[{"id":6354,"href":"https:\/\/www.sba.si\/index.php\/wp-json\/wp\/v2\/product\/6352\/revisions\/6354"}],"wp:featuredmedia":[{"embeddable":true,"href":"https:\/\/www.sba.si\/index.php\/wp-json\/wp\/v2\/media\/6353"}],"wp:attachment":[{"href":"https:\/\/www.sba.si\/index.php\/wp-json\/wp\/v2\/media?parent=6352"}],"wp:term":[{"taxonomy":"product_cat","embeddable":true,"href":"https:\/\/www.sba.si\/index.php\/wp-json\/wp\/v2\/product_cat?post=6352"},{"taxonomy":"product_tag","embeddable":true,"href":"https:\/\/www.sba.si\/index.php\/wp-json\/wp\/v2\/product_tag?post=6352"}],"curies":[{"name":"wp","href":"https:\/\/api.w.org\/{rel}","templated":true}]}}