{"id":6607,"date":"2023-12-11T14:24:06","date_gmt":"2023-12-11T14:24:06","guid":{"rendered":"https:\/\/www.sba.si\/?post_type=product&#038;p=6607"},"modified":"2023-12-20T15:42:42","modified_gmt":"2023-12-20T15:42:42","slug":"gretje-rocice-plina-sh","status":"publish","type":"product","link":"https:\/\/www.sba.si\/index.php\/izdelek\/gretje-rocice-plina-sh\/","title":{"rendered":"GRETJE RO\u010cICE PLINA &#8211; SH"},"content":{"rendered":"","protected":false},"excerpt":{"rendered":"<p>Grelni element s pripadajo\u010dim materialom za ogrevanje ro\u010dice plina. Univerzalna monta\u017ea na vse \u0161tirikolesnike.<\/p>\n<p>Gre za dodatni element, ki se kupi kot dodatna oprema skupaj z gretjem ro\u010dk: <a href=\"https:\/\/www.sba.si\/index.php\/izdelek\/ogrevane-rocke\/\">https:\/\/www.sba.si\/index.php\/izdelek\/ogrevane-rocke\/<\/a><\/p>\n<p>Enostavni priklop na obstoje\u010di konektor.<\/p>\n","protected":false},"featured_media":6608,"template":"","meta":[],"product_cat":[54,55,99],"product_tag":[],"_links":{"self":[{"href":"https:\/\/www.sba.si\/index.php\/wp-json\/wp\/v2\/product\/6607"}],"collection":[{"href":"https:\/\/www.sba.si\/index.php\/wp-json\/wp\/v2\/product"}],"about":[{"href":"https:\/\/www.sba.si\/index.php\/wp-json\/wp\/v2\/types\/product"}],"version-history":[{"count":3,"href":"https:\/\/www.sba.si\/index.php\/wp-json\/wp\/v2\/product\/6607\/revisions"}],"predecessor-version":[{"id":6764,"href":"https:\/\/www.sba.si\/index.php\/wp-json\/wp\/v2\/product\/6607\/revisions\/6764"}],"wp:featuredmedia":[{"embeddable":true,"href":"https:\/\/www.sba.si\/index.php\/wp-json\/wp\/v2\/media\/6608"}],"wp:attachment":[{"href":"https:\/\/www.sba.si\/index.php\/wp-json\/wp\/v2\/media?parent=6607"}],"wp:term":[{"taxonomy":"product_cat","embeddable":true,"href":"https:\/\/www.sba.si\/index.php\/wp-json\/wp\/v2\/product_cat?post=6607"},{"taxonomy":"product_tag","embeddable":true,"href":"https:\/\/www.sba.si\/index.php\/wp-json\/wp\/v2\/product_tag?post=6607"}],"curies":[{"name":"wp","href":"https:\/\/api.w.org\/{rel}","templated":true}]}}