{"id":6614,"date":"2023-12-11T15:23:01","date_gmt":"2023-12-11T15:23:01","guid":{"rendered":"https:\/\/www.sba.si\/?post_type=product&#038;p=6614"},"modified":"2023-12-11T15:23:46","modified_gmt":"2023-12-11T15:23:46","slug":"gretje-rock-za-atv-symtec-heat-demon-dual-zone","status":"publish","type":"product","link":"https:\/\/www.sba.si\/index.php\/izdelek\/gretje-rock-za-atv-symtec-heat-demon-dual-zone\/","title":{"rendered":"GRETJE RO\u010cK ZA ATV &#8211; SYMTEC HEAT DEMON &#8211; DUAL ZONE"},"content":{"rendered":"<p>Gretje ro\u010dk SYMTEC Heat Demon za ATV z dvoconsko nastavitvijo &#8211; lo\u010dena nastavitev temperature za gretje ro\u010dk in za gretje ro\u010dice plina.<\/p>\n<p>Prednosti:<br \/>\n&#8211; komplet vsebuje vse potrebno za monta\u017eo gretja ro\u010dk in gretja ro\u010dice plina,<br \/>\n&#8211; osvetlitev prikazovalnika je nastavljiva,<br \/>\n&#8211; avtomatski izklop po dolo\u010denem \u010dastu za dodatno varnost,<br \/>\n&#8211; izbrana stopnja gretja se po izklopu shrani v spomin,<br \/>\n&#8211; nastavitev svetlobe LED prikazovalnika,<br \/>\n&#8211; napredni mikroprocesor in termostat dr\u017eita enakomerno temperaturo ne glede na nihanje napetosti,<br \/>\n&#8211; 40W mo\u010di (20W po ro\u010dki)\u00a0 14 V omogo\u010da hitro segrevanje.<\/p>\n","protected":false},"excerpt":{"rendered":"<p>Gretje ro\u010dk SYMTEC Heat Demon za ATV z dvoconsko nastavitvijo &#8211; lo\u010dena nastavitev temperature za gretje ro\u010dk in za gretje ro\u010dice plina. Prednosti: &#8211; komplet vsebuje vse potrebno za monta\u017eo gretja ro\u010dk in gretja ro\u010dice plina, &#8211; osvetlitev prikazovalnika je nastavljiva, &#8211; avtomatski izklop po&#8230;<\/p>\n","protected":false},"featured_media":6615,"template":"","meta":[],"product_cat":[54,55,99],"product_tag":[],"_links":{"self":[{"href":"https:\/\/www.sba.si\/index.php\/wp-json\/wp\/v2\/product\/6614"}],"collection":[{"href":"https:\/\/www.sba.si\/index.php\/wp-json\/wp\/v2\/product"}],"about":[{"href":"https:\/\/www.sba.si\/index.php\/wp-json\/wp\/v2\/types\/product"}],"version-history":[{"count":2,"href":"https:\/\/www.sba.si\/index.php\/wp-json\/wp\/v2\/product\/6614\/revisions"}],"predecessor-version":[{"id":6619,"href":"https:\/\/www.sba.si\/index.php\/wp-json\/wp\/v2\/product\/6614\/revisions\/6619"}],"wp:featuredmedia":[{"embeddable":true,"href":"https:\/\/www.sba.si\/index.php\/wp-json\/wp\/v2\/media\/6615"}],"wp:attachment":[{"href":"https:\/\/www.sba.si\/index.php\/wp-json\/wp\/v2\/media?parent=6614"}],"wp:term":[{"taxonomy":"product_cat","embeddable":true,"href":"https:\/\/www.sba.si\/index.php\/wp-json\/wp\/v2\/product_cat?post=6614"},{"taxonomy":"product_tag","embeddable":true,"href":"https:\/\/www.sba.si\/index.php\/wp-json\/wp\/v2\/product_tag?post=6614"}],"curies":[{"name":"wp","href":"https:\/\/api.w.org\/{rel}","templated":true}]}}