{"id":6660,"date":"2023-12-14T14:02:24","date_gmt":"2023-12-14T14:02:24","guid":{"rendered":"https:\/\/www.sba.si\/?post_type=product&#038;p=6660"},"modified":"2023-12-14T14:03:12","modified_gmt":"2023-12-14T14:03:12","slug":"zaboj-kosara-za-atv-box-12","status":"publish","type":"product","link":"https:\/\/www.sba.si\/index.php\/izdelek\/zaboj-kosara-za-atv-box-12\/","title":{"rendered":"ZABOJ &#8211; KO\u0160ARA ZA ATV &#8211; BOX 12"},"content":{"rendered":"","protected":false},"excerpt":{"rendered":"<p>Zaboj &#8211; ko\u0161ara za ATV je lasersko razrezana, precizno varjena, pra\u0161no barvana, a kljub temu lahke konstrukcije za hitro (de)monta\u017eo.<br \/>\nPonuja vsestransko uporabnost za vse mo\u017ene namene (bodisi kot nosilec za orodje ali tovor in ostale predmete).<\/p>\n<p>Ko\u0161ara za ATV zaradi kovinske zasnove nudi enostavno \u010di\u0161\u010denje.<\/p>\n<p>Monta\u017ea je univerzalna tako na sprednji ali zadnji prtlja\u017enik s prilo\u017eenim materialom.<\/p>\n<p>Mere in te\u017ea:<br \/>\nD x \u0160 x V: 92 cm x 40 cm x <strong>12<\/strong>cm.<\/p>\n<p>Te\u017ea: 9,6kg.<\/p>\n","protected":false},"featured_media":6655,"template":"","meta":[],"product_cat":[54,64,82],"product_tag":[],"_links":{"self":[{"href":"https:\/\/www.sba.si\/index.php\/wp-json\/wp\/v2\/product\/6660"}],"collection":[{"href":"https:\/\/www.sba.si\/index.php\/wp-json\/wp\/v2\/product"}],"about":[{"href":"https:\/\/www.sba.si\/index.php\/wp-json\/wp\/v2\/types\/product"}],"version-history":[{"count":1,"href":"https:\/\/www.sba.si\/index.php\/wp-json\/wp\/v2\/product\/6660\/revisions"}],"predecessor-version":[{"id":6661,"href":"https:\/\/www.sba.si\/index.php\/wp-json\/wp\/v2\/product\/6660\/revisions\/6661"}],"wp:featuredmedia":[{"embeddable":true,"href":"https:\/\/www.sba.si\/index.php\/wp-json\/wp\/v2\/media\/6655"}],"wp:attachment":[{"href":"https:\/\/www.sba.si\/index.php\/wp-json\/wp\/v2\/media?parent=6660"}],"wp:term":[{"taxonomy":"product_cat","embeddable":true,"href":"https:\/\/www.sba.si\/index.php\/wp-json\/wp\/v2\/product_cat?post=6660"},{"taxonomy":"product_tag","embeddable":true,"href":"https:\/\/www.sba.si\/index.php\/wp-json\/wp\/v2\/product_tag?post=6660"}],"curies":[{"name":"wp","href":"https:\/\/api.w.org\/{rel}","templated":true}]}}