{"id":6662,"date":"2023-12-14T14:37:55","date_gmt":"2023-12-14T14:37:55","guid":{"rendered":"https:\/\/www.sba.si\/?post_type=product&#038;p=6662"},"modified":"2023-12-14T14:39:18","modified_gmt":"2023-12-14T14:39:18","slug":"zaboj-kosara-za-atv-box-16-max","status":"publish","type":"product","link":"https:\/\/www.sba.si\/index.php\/izdelek\/zaboj-kosara-za-atv-box-16-max\/","title":{"rendered":"ZABOJ &#8211; KO\u0160ARA ZA ATV &#8211; BOX 16 MAX"},"content":{"rendered":"","protected":false},"excerpt":{"rendered":"<p>Zaboj &#8211; ko\u0161ara za ATV je lasersko razrezana, precizno varjena, pra\u0161no barvana, a kljub temu lahke konstrukcije za hitro (de)monta\u017eo.<br \/>\nPonuja vsestransko uporabnost za vse mo\u017ene namene (bodisi kot nosilec za orodje ali tovor in ostale predmete).<\/p>\n<p>Ko\u0161ara za ATV zaradi kovinske zasnove nudi enostavno \u010di\u0161\u010denje.<\/p>\n<p>Monta\u017ea je univerzalna tako na sprednji ali zadnji prtlja\u017enik s prilo\u017eenim materialom.<\/p>\n<p>Mere in te\u017ea:<br \/>\nD x \u0160 x V: 97,6 cm x 44,1 cm x <strong>16<\/strong>cm.<\/p>\n<p>Te\u017ea: 10,1kg.<\/p>\n","protected":false},"featured_media":6655,"template":"","meta":[],"product_cat":[54,64,82],"product_tag":[],"_links":{"self":[{"href":"https:\/\/www.sba.si\/index.php\/wp-json\/wp\/v2\/product\/6662"}],"collection":[{"href":"https:\/\/www.sba.si\/index.php\/wp-json\/wp\/v2\/product"}],"about":[{"href":"https:\/\/www.sba.si\/index.php\/wp-json\/wp\/v2\/types\/product"}],"version-history":[{"count":1,"href":"https:\/\/www.sba.si\/index.php\/wp-json\/wp\/v2\/product\/6662\/revisions"}],"predecessor-version":[{"id":6663,"href":"https:\/\/www.sba.si\/index.php\/wp-json\/wp\/v2\/product\/6662\/revisions\/6663"}],"wp:featuredmedia":[{"embeddable":true,"href":"https:\/\/www.sba.si\/index.php\/wp-json\/wp\/v2\/media\/6655"}],"wp:attachment":[{"href":"https:\/\/www.sba.si\/index.php\/wp-json\/wp\/v2\/media?parent=6662"}],"wp:term":[{"taxonomy":"product_cat","embeddable":true,"href":"https:\/\/www.sba.si\/index.php\/wp-json\/wp\/v2\/product_cat?post=6662"},{"taxonomy":"product_tag","embeddable":true,"href":"https:\/\/www.sba.si\/index.php\/wp-json\/wp\/v2\/product_tag?post=6662"}],"curies":[{"name":"wp","href":"https:\/\/api.w.org\/{rel}","templated":true}]}}