{"id":6664,"date":"2023-12-14T15:39:57","date_gmt":"2023-12-14T15:39:57","guid":{"rendered":"https:\/\/www.sba.si\/?post_type=product&#038;p=6664"},"modified":"2023-12-14T15:39:57","modified_gmt":"2023-12-14T15:39:57","slug":"rokavice-100-brisker","status":"publish","type":"product","link":"https:\/\/www.sba.si\/index.php\/izdelek\/rokavice-100-brisker\/","title":{"rendered":"ROKAVICE 100% BRISKER"},"content":{"rendered":"","protected":false},"excerpt":{"rendered":"<p>Rokavice 100% &#8211; model Brisker.<\/p>\n<p>Svetovno prepoznana blagovna znamka dodatne opreme &#8220;100%&#8221; ponuja z modelom rokavic Brisker popolno izku\u0161njo med vo\u017enjo MTB, Enduro, motocross vozil in \u0161tirikolesnikov.<\/p>\n<p>Posebno zasnovani \u0161ivi nudijo maksimalno fleksibilnost, specifi\u010dno izbran material pa optimalno razmerje med zra\u010dnostjo in udobjem. Rokavice so primerne za celoletno uporabo, saj nudijo debelej\u0161i sloj za uporabo tudi pri hladnej\u0161ih temperaturah. Rokavice Brisker nudijo ravno prav\u0161njo koli\u010dino izolacije, da vam bo v vla\u017enih pogojih in nizki temperature dovolj toplo.<\/p>\n<p>Izoliran soft-shell material tudi za nizke temperature,<br \/>\nnastavljivo zapiranje na je\u017eka,<br \/>\nsilikonski del na strani dlani nudi maksimalni oprijem tudi pri uporabi v vla\u017enih pogojih,<br \/>\nodsevna grafika na zgornji strani rokavic nudi izbolj\u0161ano vidljivost,<br \/>\nnotranji del iz mikrovlaken, omogo\u010da odvajanje vlage in zagotavlja popolno raven izolacije,<br \/>\nrokavice lahko uporabljate na ekranih vseh pametnih telefonov.<\/p>\n<p>Na voljo vse velikosti.<\/p>\n<p>Barve: \u010drna, fluo zelena, rde\u010da, modra, oran\u017ena, camo, siva.<\/p>\n","protected":false},"featured_media":6665,"template":"","meta":[],"product_cat":[38,53],"product_tag":[],"_links":{"self":[{"href":"https:\/\/www.sba.si\/index.php\/wp-json\/wp\/v2\/product\/6664"}],"collection":[{"href":"https:\/\/www.sba.si\/index.php\/wp-json\/wp\/v2\/product"}],"about":[{"href":"https:\/\/www.sba.si\/index.php\/wp-json\/wp\/v2\/types\/product"}],"version-history":[{"count":1,"href":"https:\/\/www.sba.si\/index.php\/wp-json\/wp\/v2\/product\/6664\/revisions"}],"predecessor-version":[{"id":6666,"href":"https:\/\/www.sba.si\/index.php\/wp-json\/wp\/v2\/product\/6664\/revisions\/6666"}],"wp:featuredmedia":[{"embeddable":true,"href":"https:\/\/www.sba.si\/index.php\/wp-json\/wp\/v2\/media\/6665"}],"wp:attachment":[{"href":"https:\/\/www.sba.si\/index.php\/wp-json\/wp\/v2\/media?parent=6664"}],"wp:term":[{"taxonomy":"product_cat","embeddable":true,"href":"https:\/\/www.sba.si\/index.php\/wp-json\/wp\/v2\/product_cat?post=6664"},{"taxonomy":"product_tag","embeddable":true,"href":"https:\/\/www.sba.si\/index.php\/wp-json\/wp\/v2\/product_tag?post=6664"}],"curies":[{"name":"wp","href":"https:\/\/api.w.org\/{rel}","templated":true}]}}