{"id":6752,"date":"2023-12-20T12:53:07","date_gmt":"2023-12-20T12:53:07","guid":{"rendered":"https:\/\/www.sba.si\/?post_type=product&#038;p=6752"},"modified":"2023-12-28T15:34:12","modified_gmt":"2023-12-28T15:34:12","slug":"polnilec-vzdrzevalec-akumulatorjev-eps-400","status":"publish","type":"product","link":"https:\/\/www.sba.si\/index.php\/izdelek\/polnilec-vzdrzevalec-akumulatorjev-eps-400\/","title":{"rendered":"POLNILEC &#8211; VZDR\u017dEVALEC AKUMULATORJEV &#8211; EPS 400"},"content":{"rendered":"","protected":false},"excerpt":{"rendered":"<p>Ve\u010d funkcijski avtomatski polnilec akumulatorja s funkcijo vzdr\u017eevanja akumulatorja.<\/p>\n<p>Vzdr\u017eeavlnik in polnilec akumulatorjev omogo\u010da enostaven priklop ter avtomatsko polnjenje vseh 6V in 12V akumulatorjev tipa WET\/GEL\/MF\/EFB\/AGM. Namenjen za polnjenje akumulatorjev za \u0161tirikolesnike, UTV vozila, motocikle, kosilnice itd.<\/p>\n<p>Eleganten in kompakten dizajn omogo\u010da enostavno uporabo in spravilo.<\/p>\n<p>Tehni\u010dne specifikacije:<br \/>\n&#8211; izhodna mo\u010d: 0,75A (12V \/ 6V),<br \/>\n&#8211; vhodna napetost: AC 220-240, 50\/60 Hz,<br \/>\n&#8211; dol\u017eina prilo\u017eenih kablov 1,9m,<br \/>\n&#8211; avtomatsko polnjenje 6V \/ 12V akumulatorjev,<br \/>\n&#8211; za\u0161\u010dita v primeru napa\u010dne priklju\u010ditve, pregrevanju ali prekomernem polnjenju,<br \/>\n&#8211; IP60 &#8211; za\u0161\u010dita proti vlagi in prahu.<\/p>\n","protected":false},"featured_media":6753,"template":"","meta":[],"product_cat":[54,77,78],"product_tag":[],"_links":{"self":[{"href":"https:\/\/www.sba.si\/index.php\/wp-json\/wp\/v2\/product\/6752"}],"collection":[{"href":"https:\/\/www.sba.si\/index.php\/wp-json\/wp\/v2\/product"}],"about":[{"href":"https:\/\/www.sba.si\/index.php\/wp-json\/wp\/v2\/types\/product"}],"version-history":[{"count":2,"href":"https:\/\/www.sba.si\/index.php\/wp-json\/wp\/v2\/product\/6752\/revisions"}],"predecessor-version":[{"id":6810,"href":"https:\/\/www.sba.si\/index.php\/wp-json\/wp\/v2\/product\/6752\/revisions\/6810"}],"wp:featuredmedia":[{"embeddable":true,"href":"https:\/\/www.sba.si\/index.php\/wp-json\/wp\/v2\/media\/6753"}],"wp:attachment":[{"href":"https:\/\/www.sba.si\/index.php\/wp-json\/wp\/v2\/media?parent=6752"}],"wp:term":[{"taxonomy":"product_cat","embeddable":true,"href":"https:\/\/www.sba.si\/index.php\/wp-json\/wp\/v2\/product_cat?post=6752"},{"taxonomy":"product_tag","embeddable":true,"href":"https:\/\/www.sba.si\/index.php\/wp-json\/wp\/v2\/product_tag?post=6752"}],"curies":[{"name":"wp","href":"https:\/\/api.w.org\/{rel}","templated":true}]}}