{"id":6811,"date":"2023-12-28T15:46:34","date_gmt":"2023-12-28T15:46:34","guid":{"rendered":"https:\/\/www.sba.si\/?post_type=product&#038;p=6811"},"modified":"2023-12-28T15:46:35","modified_gmt":"2023-12-28T15:46:35","slug":"skropilnica-za-atv-utv-stirikolesnik","status":"publish","type":"product","link":"https:\/\/www.sba.si\/index.php\/izdelek\/skropilnica-za-atv-utv-stirikolesnik\/","title":{"rendered":"\u0160kropilnica za ATV &#8211; UTV &#8211; \u0161tirikolesnik"},"content":{"rendered":"","protected":false},"excerpt":{"rendered":"<p>\u0160kropilnica ponuja 7 \u0161ob za enakomerno razpr\u0161itev \u017eeljenih teko\u010din.<\/p>\n<p>\u0160kropilnica je primerna za \u0161tirikolesnik, ATV ali UTV vozilo. Univerzalni priklop na vse vrste \u010drpalk in posod.<\/p>\n<p>Skupna \u0161irina \u0161kropilnice za \u0161tirikolesnik ATV, UTV vozilo je 340cm.<\/p>\n<p>Za transport se enostavno zlo\u017ei na tretjino skupne dol\u017eine (3 sekcije).<\/p>\n<p>\u0160ifra: 2443<\/p>\n","protected":false},"featured_media":6812,"template":"","meta":[],"product_cat":[64,82,69],"product_tag":[],"_links":{"self":[{"href":"https:\/\/www.sba.si\/index.php\/wp-json\/wp\/v2\/product\/6811"}],"collection":[{"href":"https:\/\/www.sba.si\/index.php\/wp-json\/wp\/v2\/product"}],"about":[{"href":"https:\/\/www.sba.si\/index.php\/wp-json\/wp\/v2\/types\/product"}],"version-history":[{"count":1,"href":"https:\/\/www.sba.si\/index.php\/wp-json\/wp\/v2\/product\/6811\/revisions"}],"predecessor-version":[{"id":6815,"href":"https:\/\/www.sba.si\/index.php\/wp-json\/wp\/v2\/product\/6811\/revisions\/6815"}],"wp:featuredmedia":[{"embeddable":true,"href":"https:\/\/www.sba.si\/index.php\/wp-json\/wp\/v2\/media\/6812"}],"wp:attachment":[{"href":"https:\/\/www.sba.si\/index.php\/wp-json\/wp\/v2\/media?parent=6811"}],"wp:term":[{"taxonomy":"product_cat","embeddable":true,"href":"https:\/\/www.sba.si\/index.php\/wp-json\/wp\/v2\/product_cat?post=6811"},{"taxonomy":"product_tag","embeddable":true,"href":"https:\/\/www.sba.si\/index.php\/wp-json\/wp\/v2\/product_tag?post=6811"}],"curies":[{"name":"wp","href":"https:\/\/api.w.org\/{rel}","templated":true}]}}