{"id":6839,"date":"2024-01-03T11:10:49","date_gmt":"2024-01-03T11:10:49","guid":{"rendered":"https:\/\/www.sba.si\/?post_type=product&#038;p=6839"},"modified":"2024-01-03T11:52:54","modified_gmt":"2024-01-03T11:52:54","slug":"zascita-podvozja-alu-cf-moto-850-1000-ib","status":"publish","type":"product","link":"https:\/\/www.sba.si\/index.php\/izdelek\/zascita-podvozja-alu-cf-moto-850-1000-ib\/","title":{"rendered":"ZA\u0160\u010cITA PODVOZJA &#8211; ALU &#8211; CFMOTO 850\/1000-IB"},"content":{"rendered":"","protected":false},"excerpt":{"rendered":"<p>Aluminijasta za\u0161\u010dita podvozja nudi nadgradnjo originalni za\u0161\u010diti podvozja. Maksimalno za\u0161\u010ditite kompletno podvozje va\u0161ega \u0161tirikolesnika s profesionalno za\u0161\u010dito podvozja iz ALU materiala.<\/p>\n<p>Medtem ko tovarni\u0161ko name\u0161\u010dena za\u0161\u010dita podvozja nudi le osnovno za\u0161\u010dito proti podrasti in grmi\u010devju, vam bo kompletna za\u0161\u010dita nudila maksimalno za\u0161\u010dito podvozja va\u0161ega \u0161tirikolesnika \/ ATV \/ UTV vozila in vseh vitalnih delov. Komplet vsebuje za\u0161\u010dito sprednjih in zadnjih rok ter celotnega sredinskega dela vozila z vsemi luknjami za opravljanje servisnih intervalov ter lukenj za odtekanje vode in la\u017eje pranje. Ob nakupu prejmete vse potrebno za monta\u017eo skupaj z vsem pritrdilnim materialom.<\/p>\n<p>Posebnost aluminija je njegova trpe\u017enost in odpornost proti koroziji.<\/p>\n<p>Lastnosti:<br \/>\n&#8211; kompletna za\u0161\u010dita podvozja, man\u0161et, polosovin in kon\u010dnikov,<br \/>\n&#8211; za\u0161\u010dita stopnic &#8211; ukrivljen rob ob stopnicah nudi dodatno trdnost za\u0161\u010dite podvozja,<br \/>\n&#8211; sestavljena iz ve\u010d kosov za la\u017ejo sestavo in splo\u0161no vzdr\u017eevanje ter \u010di\u0161\u010denje vozila,<br \/>\n&#8211; luknje za opravljanje servisov, \u010di\u0161\u010denje in odtekanje.<\/p>\n<p>Te\u017ea: cca. 21kg.<br \/>\nDebelina: 4mm ALU plo\u0161\u010da.<\/p>\n<p>\u0160ifra: 4963<\/p>\n","protected":false},"featured_media":6840,"template":"","meta":[],"product_cat":[64,126],"product_tag":[],"_links":{"self":[{"href":"https:\/\/www.sba.si\/index.php\/wp-json\/wp\/v2\/product\/6839"}],"collection":[{"href":"https:\/\/www.sba.si\/index.php\/wp-json\/wp\/v2\/product"}],"about":[{"href":"https:\/\/www.sba.si\/index.php\/wp-json\/wp\/v2\/types\/product"}],"version-history":[{"count":2,"href":"https:\/\/www.sba.si\/index.php\/wp-json\/wp\/v2\/product\/6839\/revisions"}],"predecessor-version":[{"id":6855,"href":"https:\/\/www.sba.si\/index.php\/wp-json\/wp\/v2\/product\/6839\/revisions\/6855"}],"wp:featuredmedia":[{"embeddable":true,"href":"https:\/\/www.sba.si\/index.php\/wp-json\/wp\/v2\/media\/6840"}],"wp:attachment":[{"href":"https:\/\/www.sba.si\/index.php\/wp-json\/wp\/v2\/media?parent=6839"}],"wp:term":[{"taxonomy":"product_cat","embeddable":true,"href":"https:\/\/www.sba.si\/index.php\/wp-json\/wp\/v2\/product_cat?post=6839"},{"taxonomy":"product_tag","embeddable":true,"href":"https:\/\/www.sba.si\/index.php\/wp-json\/wp\/v2\/product_tag?post=6839"}],"curies":[{"name":"wp","href":"https:\/\/api.w.org\/{rel}","templated":true}]}}