{"id":6931,"date":"2024-01-04T14:59:23","date_gmt":"2024-01-04T14:59:23","guid":{"rendered":"https:\/\/www.sba.si\/?post_type=product&#038;p=6931"},"modified":"2024-01-04T15:03:37","modified_gmt":"2024-01-04T15:03:37","slug":"zascita-podvozja-alu-hdpe-cfmoto-zforce-1000-z10-z10r-ib","status":"publish","type":"product","link":"https:\/\/www.sba.si\/index.php\/izdelek\/zascita-podvozja-alu-hdpe-cfmoto-zforce-1000-z10-z10r-ib\/","title":{"rendered":"ZA\u0160\u010cITA PODVOZJA &#8211; ALU HDPE &#8211; CFMOTO ZFORCE 1000 &#8211; Z10 &#8211; Z10R &#8211; IB"},"content":{"rendered":"","protected":false},"excerpt":{"rendered":"<p>Za\u0161\u010dita podvozja iz kombinacije HDPE &#8211; ALU materiala nudi nadgradnjo originalni za\u0161\u010diti podvozja. Maksimalno za\u0161\u010ditite kompletno podvozje va\u0161ega UTV vozila s profesionalno za\u0161\u010dito podvozja iz 10mm\u00a0 HDPE plo\u0161\u010de in dodatno ALU materiala.<\/p>\n<p>Medtem ko tovarni\u0161ko name\u0161\u010dena za\u0161\u010dita podvozja nudi le osnovno za\u0161\u010dito proti podrasti in grmi\u010devju, vam bo kompletna za\u0161\u010dita iz 10mm debele HDPE plastike nudila maksimalno za\u0161\u010dito podvozja va\u0161ega \u0161tirikolesnika \/ ATV \/ UTV vozila in vseh vitalnih delov. Komplet vsebuje za\u0161\u010dito sprednjih in zadnjih rok ter celotnega sredinskega dela vozila z vsemi luknjami za opravljanje servisnih intervalov ter lukenj za odtekanje vode in la\u017eje pranje. Ob nakupu prejmete vse potrebno za monta\u017eo skupaj z vsem pritrdilnim materialom.<\/p>\n<p>Posebnost HDPE materiala je njegova trpe\u017enost in drsnost, zato boste ovire la\u017eje premagovali, zaradi umetnega materiala pa ta ni nagnjen h koroziji. Fleksibilnost HDPE materiala omogo\u010da, da se po udarcu le ta povrne v originalno obliko.<\/p>\n<p>Lastnosti:<br \/>\n&#8211; kompletna za\u0161\u010dita podvozja, man\u0161et, polosovin in kon\u010dnikov,<br \/>\n&#8211; dodatno oja\u010dan sprednji del za\u0161\u010dite podvozja, kjer je udarec najbolj pogost,<br \/>\n&#8211; za\u0161\u010dita stopnic &#8211; ukrivljen rob ob stopnicah nudi dodatno trdnost za\u0161\u010dite podvozja,<br \/>\n&#8211; sestavljena iz ve\u010d kosov za la\u017ejo sestavo in splo\u0161no vzdr\u017eevanje ter \u010di\u0161\u010denje vozila,<br \/>\n&#8211; luknje za opravljanje servisov, \u010di\u0161\u010denje in odtekanje.<\/p>\n<p>Te\u017ea: cca. 39,7 kg.<br \/>\nDebelina: HDPE material 10mm, 4mm ALU.<\/p>\n<p>\u0160ifra: 5747<\/p>\n","protected":false},"featured_media":6932,"template":"","meta":[],"product_cat":[64,126],"product_tag":[],"_links":{"self":[{"href":"https:\/\/www.sba.si\/index.php\/wp-json\/wp\/v2\/product\/6931"}],"collection":[{"href":"https:\/\/www.sba.si\/index.php\/wp-json\/wp\/v2\/product"}],"about":[{"href":"https:\/\/www.sba.si\/index.php\/wp-json\/wp\/v2\/types\/product"}],"version-history":[{"count":1,"href":"https:\/\/www.sba.si\/index.php\/wp-json\/wp\/v2\/product\/6931\/revisions"}],"predecessor-version":[{"id":6934,"href":"https:\/\/www.sba.si\/index.php\/wp-json\/wp\/v2\/product\/6931\/revisions\/6934"}],"wp:featuredmedia":[{"embeddable":true,"href":"https:\/\/www.sba.si\/index.php\/wp-json\/wp\/v2\/media\/6932"}],"wp:attachment":[{"href":"https:\/\/www.sba.si\/index.php\/wp-json\/wp\/v2\/media?parent=6931"}],"wp:term":[{"taxonomy":"product_cat","embeddable":true,"href":"https:\/\/www.sba.si\/index.php\/wp-json\/wp\/v2\/product_cat?post=6931"},{"taxonomy":"product_tag","embeddable":true,"href":"https:\/\/www.sba.si\/index.php\/wp-json\/wp\/v2\/product_tag?post=6931"}],"curies":[{"name":"wp","href":"https:\/\/api.w.org\/{rel}","templated":true}]}}