{"id":6952,"date":"2024-01-06T09:39:31","date_gmt":"2024-01-06T09:39:31","guid":{"rendered":"https:\/\/www.sba.si\/?post_type=product&#038;p=6952"},"modified":"2024-10-17T15:46:57","modified_gmt":"2024-10-17T13:46:57","slug":"cfmoto-ev-110-otroski-elektricni-stirikolesnik-atv","status":"publish","type":"product","link":"https:\/\/www.sba.si\/index.php\/izdelek\/cfmoto-ev-110-otroski-elektricni-stirikolesnik-atv\/","title":{"rendered":"CFMOTO EV 110 &#8211; OTRO\u0160KI ELEKTRI\u010cNI \u0160TIRIKOLESNIK &#8211; ATV"},"content":{"rendered":"","protected":false},"excerpt":{"rendered":"<p>CFMOTO EV 110 ponuja najmlaj\u0161im varen vstop v svet \u0161tirikolesnikov.<\/p>\n<p>Elektri\u010dni otro\u0161ki \u0161tirikolesnik ponuja najnovej\u0161i tehnolo\u0161ki napredek na podro\u010dju otro\u0161kih \u0161tirikolesnikov. 1500W elektri\u010dni motor ponuja enakomerno pospe\u0161evanje, linijski navor in varen nadzor nad \u0161tirikolesnikom. Ponuja minimalni hrup med delovanjem, LED lu\u010di, zaprto sprednjo masko, zaprti tip plati\u0161\u010d in celotne hidravli\u010dne disk zavore.<\/p>\n<p>Za dodatno varnost je na voljo preko aplikacije &#8220;CFMOTO\u2019s Smart Safe Guard&#8221; na telefonu nastaviti dovoljeno oddaljenost \u0161tirikolesnika (nara\u0161\u010dujo\u010de do 400m najve\u010dje oddaljenosti). Ob prese\u017eku dovoljene oddaljenosti se na vozilu prika\u017ee opozorilo, prav tako se star\u0161em na telefonu izpi\u0161e opozorilo. V primeru, da otrok \u017eeli pomo\u010d ima na voljo SOS gumb, ki spro\u017ei opozorilo star\u0161em v aplikaciji. Prav tako imajo star\u0161i preko telefona mo\u017enost otroka opozoriti, da se mora vrniti.<\/p>\n<p>13cm ekran nudi ogled stanja napolnjenosti baterije, temperature baterije, napetosti in skupnih kilometrov vo\u017enje.<\/p>\n<p>Povpre\u010dni pri\u010dakovani \u010das delovanja s polno baterijo ~ 3 ure ali do 60km razdalje (kapaciteta baterije 2400Wh, mo\u010d motorja 1500W, napetost 44V).<\/p>\n<p>Baterija je odstranljiva za la\u017eje polnjenje, skupni \u010das polnjenje 4 ure.<\/p>\n<p>Elektri\u010dni motor: 44V, 1500W\u00a0 (max mo\u010d 4500W),<br \/>\nMo\u010d je ekvivalentna 110ccm bencinskemu agregatu,<br \/>\nMo\u010d: 4,5kW \/ 40Nm,<br \/>\nBaterija: 44V, 53Ah, 2400Wh, Lithium-Ion.<br \/>\nPogon: veri\u017eni na zadnja kolesa,<br \/>\nPrestave: avtomatski menjalnik &#8211; naprej, nevtralna, nazaj,<br \/>\nDoseg: 60km ali 3 ure,<br \/>\nMaksimalna hitrost: 45km\/h.<\/p>\n<p>Garancija: 24 mesecev.<\/p>\n","protected":false},"featured_media":6953,"template":"","meta":[],"product_cat":[130,68,111,115],"product_tag":[],"_links":{"self":[{"href":"https:\/\/www.sba.si\/index.php\/wp-json\/wp\/v2\/product\/6952"}],"collection":[{"href":"https:\/\/www.sba.si\/index.php\/wp-json\/wp\/v2\/product"}],"about":[{"href":"https:\/\/www.sba.si\/index.php\/wp-json\/wp\/v2\/types\/product"}],"version-history":[{"count":2,"href":"https:\/\/www.sba.si\/index.php\/wp-json\/wp\/v2\/product\/6952\/revisions"}],"predecessor-version":[{"id":6958,"href":"https:\/\/www.sba.si\/index.php\/wp-json\/wp\/v2\/product\/6952\/revisions\/6958"}],"wp:featuredmedia":[{"embeddable":true,"href":"https:\/\/www.sba.si\/index.php\/wp-json\/wp\/v2\/media\/6953"}],"wp:attachment":[{"href":"https:\/\/www.sba.si\/index.php\/wp-json\/wp\/v2\/media?parent=6952"}],"wp:term":[{"taxonomy":"product_cat","embeddable":true,"href":"https:\/\/www.sba.si\/index.php\/wp-json\/wp\/v2\/product_cat?post=6952"},{"taxonomy":"product_tag","embeddable":true,"href":"https:\/\/www.sba.si\/index.php\/wp-json\/wp\/v2\/product_tag?post=6952"}],"curies":[{"name":"wp","href":"https:\/\/api.w.org\/{rel}","templated":true}]}}