{"id":6966,"date":"2024-01-10T09:57:26","date_gmt":"2024-01-10T09:57:26","guid":{"rendered":"https:\/\/www.sba.si\/?post_type=product&#038;p=6966"},"modified":"2025-08-18T13:55:01","modified_gmt":"2025-08-18T11:55:01","slug":"linhai-utv-570-t-boss-traktor-bez","status":"publish","type":"product","link":"https:\/\/www.sba.si\/index.php\/izdelek\/linhai-utv-570-t-boss-traktor-bez\/","title":{"rendered":"LINHAI UTV 570 T-BOSS &#8211; TRAKTOR &#8211; BE\u017d BARVA"},"content":{"rendered":"","protected":false},"excerpt":{"rendered":"<p>Vzdr\u017eljivo podvozje z neodvisnim \u0161tirikolesnim vzmetenjem, pogonom 2&#215;4 \/ 4&#215;4, mo\u017enostjo zaklepa diferenciala (\u0161pere), robustno konstrukcijo, odli\u010dnimi voznimi lastnostmi, zanesljivim sodobnim motorjem EFI in visoko delovno moralo je to terenski Linhai UTV 520 T-BOSS. Zahvaljujo\u010d popolnoma samodejnemu menjalniku in ergonomski notranjosti z veliko prostora za posadko je vo\u017enja enostavna in prijetna. Zaradi odli\u010dne stabilnosti, odli\u010dne prepustnosti terena, velikega prekucnega kesona in nizkih obratovalnih stro\u0161kov je ta stroj idealen vsestranski uporabnik za delo na terenu, v gozdu, na gradbi\u0161\u010dih, v parkih, vrtovih, \u0161portnih igri\u0161\u010dih in za oskrbo gorskih hotelov . Uporabno vrednost lahko \u0161e pove\u010date z dodatki iz na\u0161e ponudbe, kot so prikolice, plugi, razpr\u0161ilci, mul\u010derji, rezila in drugi prakti\u010dni dodatki.<\/p>\n<p>&nbsp;<\/p>\n<p>&nbsp;<\/p>\n","protected":false},"featured_media":6967,"template":"","meta":[],"product_cat":[124,59,60,116],"product_tag":[],"_links":{"self":[{"href":"https:\/\/www.sba.si\/index.php\/wp-json\/wp\/v2\/product\/6966"}],"collection":[{"href":"https:\/\/www.sba.si\/index.php\/wp-json\/wp\/v2\/product"}],"about":[{"href":"https:\/\/www.sba.si\/index.php\/wp-json\/wp\/v2\/types\/product"}],"version-history":[{"count":1,"href":"https:\/\/www.sba.si\/index.php\/wp-json\/wp\/v2\/product\/6966\/revisions"}],"predecessor-version":[{"id":6969,"href":"https:\/\/www.sba.si\/index.php\/wp-json\/wp\/v2\/product\/6966\/revisions\/6969"}],"wp:featuredmedia":[{"embeddable":true,"href":"https:\/\/www.sba.si\/index.php\/wp-json\/wp\/v2\/media\/6967"}],"wp:attachment":[{"href":"https:\/\/www.sba.si\/index.php\/wp-json\/wp\/v2\/media?parent=6966"}],"wp:term":[{"taxonomy":"product_cat","embeddable":true,"href":"https:\/\/www.sba.si\/index.php\/wp-json\/wp\/v2\/product_cat?post=6966"},{"taxonomy":"product_tag","embeddable":true,"href":"https:\/\/www.sba.si\/index.php\/wp-json\/wp\/v2\/product_tag?post=6966"}],"curies":[{"name":"wp","href":"https:\/\/api.w.org\/{rel}","templated":true}]}}