{"id":6981,"date":"2024-01-16T15:30:32","date_gmt":"2024-01-16T15:30:32","guid":{"rendered":"https:\/\/www.sba.si\/?post_type=product&#038;p=6981"},"modified":"2024-01-16T15:36:04","modified_gmt":"2024-01-16T15:36:04","slug":"atv-kovcek-brp-canam-outlander-570l","status":"publish","type":"product","link":"https:\/\/www.sba.si\/index.php\/izdelek\/atv-kovcek-brp-canam-outlander-570l\/","title":{"rendered":"ATV KOV\u010cEK BRP CanAm Outlander 570 MAX"},"content":{"rendered":"","protected":false},"excerpt":{"rendered":"<p>Primeren za BRP CanAm Outlander 570 MAX.<\/p>\n<p>Prilo\u017eeni klju\u010di za zaklep klju\u010davnic.<\/p>\n<p>Te\u017ea 10kg.<br \/>\nDimenzije: 1140 x 600 x 325 mm.<\/p>\n","protected":false},"featured_media":6985,"template":"","meta":[],"product_cat":[54,57,58],"product_tag":[],"_links":{"self":[{"href":"https:\/\/www.sba.si\/index.php\/wp-json\/wp\/v2\/product\/6981"}],"collection":[{"href":"https:\/\/www.sba.si\/index.php\/wp-json\/wp\/v2\/product"}],"about":[{"href":"https:\/\/www.sba.si\/index.php\/wp-json\/wp\/v2\/types\/product"}],"version-history":[{"count":1,"href":"https:\/\/www.sba.si\/index.php\/wp-json\/wp\/v2\/product\/6981\/revisions"}],"predecessor-version":[{"id":6989,"href":"https:\/\/www.sba.si\/index.php\/wp-json\/wp\/v2\/product\/6981\/revisions\/6989"}],"wp:featuredmedia":[{"embeddable":true,"href":"https:\/\/www.sba.si\/index.php\/wp-json\/wp\/v2\/media\/6985"}],"wp:attachment":[{"href":"https:\/\/www.sba.si\/index.php\/wp-json\/wp\/v2\/media?parent=6981"}],"wp:term":[{"taxonomy":"product_cat","embeddable":true,"href":"https:\/\/www.sba.si\/index.php\/wp-json\/wp\/v2\/product_cat?post=6981"},{"taxonomy":"product_tag","embeddable":true,"href":"https:\/\/www.sba.si\/index.php\/wp-json\/wp\/v2\/product_tag?post=6981"}],"curies":[{"name":"wp","href":"https:\/\/api.w.org\/{rel}","templated":true}]}}