{"id":7017,"date":"2024-01-25T09:29:53","date_gmt":"2024-01-25T09:29:53","guid":{"rendered":"https:\/\/www.sba.si\/?post_type=product&#038;p=7017"},"modified":"2024-10-29T14:03:24","modified_gmt":"2024-10-29T13:03:24","slug":"moose-insurgnt-27x11x14","status":"publish","type":"product","link":"https:\/\/www.sba.si\/index.php\/izdelek\/moose-insurgnt-27x11x14\/","title":{"rendered":"MOOSE INSURGENT &#8211; 27x11x14"},"content":{"rendered":"","protected":false},"excerpt":{"rendered":"<p>Novost na tr\u017ei\u0161\u010du pnevmatik &#8211; ATV UTV PNEVMATIKE Moose Insurgent. Velika nale\u017ena povr\u0161ina gume bo podalj\u0161ala \u017eivljenjsko dobo ob nudila manj obrabe gume tudi pri vleki te\u017ejega tovora. Nadvse primerna za splo\u0161no uporabo na trdih podlagah.<\/p>\n<p>ATV PNEVMATIKA MOOSE INSURGENT<br \/>\nZELO KVALITETNA GUMA ZA CESTO IN TEREN<\/p>\n<p>27X9X14 SPREDNJA &#8211; CENA &#8211; 175\u20ac<\/p>\n<p>27X11X14 ZADNJA &#8211; CENA &#8211; 225\u20ac<br \/>\n<span style=\"text-decoration: underline;\"><br \/>\nCENA KOMPLETA SAMO &#8211; 760EUR<\/span><\/p>\n<p>Mo\u017enost po\u0161iljanja po po\u0161ti.<\/p>\n<p>&nbsp;<\/p>\n","protected":false},"featured_media":7018,"template":"","meta":[],"product_cat":[61,75,87,89],"product_tag":[],"_links":{"self":[{"href":"https:\/\/www.sba.si\/index.php\/wp-json\/wp\/v2\/product\/7017"}],"collection":[{"href":"https:\/\/www.sba.si\/index.php\/wp-json\/wp\/v2\/product"}],"about":[{"href":"https:\/\/www.sba.si\/index.php\/wp-json\/wp\/v2\/types\/product"}],"version-history":[{"count":3,"href":"https:\/\/www.sba.si\/index.php\/wp-json\/wp\/v2\/product\/7017\/revisions"}],"predecessor-version":[{"id":8032,"href":"https:\/\/www.sba.si\/index.php\/wp-json\/wp\/v2\/product\/7017\/revisions\/8032"}],"wp:featuredmedia":[{"embeddable":true,"href":"https:\/\/www.sba.si\/index.php\/wp-json\/wp\/v2\/media\/7018"}],"wp:attachment":[{"href":"https:\/\/www.sba.si\/index.php\/wp-json\/wp\/v2\/media?parent=7017"}],"wp:term":[{"taxonomy":"product_cat","embeddable":true,"href":"https:\/\/www.sba.si\/index.php\/wp-json\/wp\/v2\/product_cat?post=7017"},{"taxonomy":"product_tag","embeddable":true,"href":"https:\/\/www.sba.si\/index.php\/wp-json\/wp\/v2\/product_tag?post=7017"}],"curies":[{"name":"wp","href":"https:\/\/api.w.org\/{rel}","templated":true}]}}