{"id":7040,"date":"2024-01-26T09:08:24","date_gmt":"2024-01-26T09:08:24","guid":{"rendered":"https:\/\/www.sba.si\/?post_type=product&#038;p=7040"},"modified":"2024-10-30T14:30:10","modified_gmt":"2024-10-30T13:30:10","slug":"buldog-b3036-29x11x14","status":"publish","type":"product","link":"https:\/\/www.sba.si\/index.php\/izdelek\/buldog-b3036-29x11x14\/","title":{"rendered":"BULDOG B3036 &#8211; 29x11x14"},"content":{"rendered":"","protected":false},"excerpt":{"rendered":"<p>ATV PNEVMATIKA BULDOG B3036<br \/>\nKVALITETNA GUMA ZA CESTO IN TEREN<\/p>\n<p>29X9X14 SPREDNJA &#8211; CENA 145\u20ac<\/p>\n<p>29X11X14 ZADNJA &#8211; CENA &#8211; 158\u20ac<\/p>\n<p>CENA KOMPLETA &#8211; 520EUR.<\/p>\n<p>Mo\u017enost po\u0161iljanja po po\u0161ti.<\/p>\n<p>Najbolj robustna pnevmatika 4&#215;4 ATV\/UTV doslej, za najte\u017eje in najzahtevnej\u0161e uporabe, prekrivanje tekalne plasti, predvidljiva vo\u017enja, ve\u010dplastna zasnova pnevmatike za maksimalno vzdr\u017eljivost.<\/p>\n<p>Lastnosti:<\/p>\n<p>Za najzahtevnej\u0161e in najte\u017eje ATV\/UTV aplikacije,<br \/>\nGumijasta zmes s podalj\u0161ano \u017eivljenjsko dobo in inovativen prekrivajo\u010di se vzorec tekalne plasti.<\/p>\n","protected":false},"featured_media":7028,"template":"","meta":[],"product_cat":[54,75,87,89],"product_tag":[],"_links":{"self":[{"href":"https:\/\/www.sba.si\/index.php\/wp-json\/wp\/v2\/product\/7040"}],"collection":[{"href":"https:\/\/www.sba.si\/index.php\/wp-json\/wp\/v2\/product"}],"about":[{"href":"https:\/\/www.sba.si\/index.php\/wp-json\/wp\/v2\/types\/product"}],"version-history":[{"count":2,"href":"https:\/\/www.sba.si\/index.php\/wp-json\/wp\/v2\/product\/7040\/revisions"}],"predecessor-version":[{"id":8037,"href":"https:\/\/www.sba.si\/index.php\/wp-json\/wp\/v2\/product\/7040\/revisions\/8037"}],"wp:featuredmedia":[{"embeddable":true,"href":"https:\/\/www.sba.si\/index.php\/wp-json\/wp\/v2\/media\/7028"}],"wp:attachment":[{"href":"https:\/\/www.sba.si\/index.php\/wp-json\/wp\/v2\/media?parent=7040"}],"wp:term":[{"taxonomy":"product_cat","embeddable":true,"href":"https:\/\/www.sba.si\/index.php\/wp-json\/wp\/v2\/product_cat?post=7040"},{"taxonomy":"product_tag","embeddable":true,"href":"https:\/\/www.sba.si\/index.php\/wp-json\/wp\/v2\/product_tag?post=7040"}],"curies":[{"name":"wp","href":"https:\/\/api.w.org\/{rel}","templated":true}]}}