{"id":714,"date":"2022-01-10T17:14:20","date_gmt":"2022-01-10T17:14:20","guid":{"rendered":"https:\/\/www.sba.si\/prenova\/?post_type=product&#038;p=714"},"modified":"2024-01-11T08:16:30","modified_gmt":"2024-01-11T08:16:30","slug":"atv-kovcek-7500","status":"publish","type":"product","link":"https:\/\/www.sba.si\/index.php\/izdelek\/atv-kovcek-7500\/","title":{"rendered":"ATV KOV\u010cEK AX75"},"content":{"rendered":"","protected":false},"excerpt":{"rendered":"<p>Luksuzni izredno velik kov\u010dek\u00a0 za potovanje ATV s sovoznikovim sede\u017eem, visokokakovosten polietilen visoke gostote, odporen na udarce, velika 200-litrska prostornina, nepremo\u010dljiva, zapiranje z dvema zaklepoma, udobno naslonjalo iz \u010drne pene, 2 zadnja \/ 2 stranska odsevnika, \u010drna, 106 x 43 x 61 (30) cm<\/p>\n","protected":false},"featured_media":745,"template":"","meta":[],"product_cat":[54,57,58],"product_tag":[],"_links":{"self":[{"href":"https:\/\/www.sba.si\/index.php\/wp-json\/wp\/v2\/product\/714"}],"collection":[{"href":"https:\/\/www.sba.si\/index.php\/wp-json\/wp\/v2\/product"}],"about":[{"href":"https:\/\/www.sba.si\/index.php\/wp-json\/wp\/v2\/types\/product"}],"version-history":[{"count":1,"href":"https:\/\/www.sba.si\/index.php\/wp-json\/wp\/v2\/product\/714\/revisions"}],"predecessor-version":[{"id":6638,"href":"https:\/\/www.sba.si\/index.php\/wp-json\/wp\/v2\/product\/714\/revisions\/6638"}],"wp:featuredmedia":[{"embeddable":true,"href":"https:\/\/www.sba.si\/index.php\/wp-json\/wp\/v2\/media\/745"}],"wp:attachment":[{"href":"https:\/\/www.sba.si\/index.php\/wp-json\/wp\/v2\/media?parent=714"}],"wp:term":[{"taxonomy":"product_cat","embeddable":true,"href":"https:\/\/www.sba.si\/index.php\/wp-json\/wp\/v2\/product_cat?post=714"},{"taxonomy":"product_tag","embeddable":true,"href":"https:\/\/www.sba.si\/index.php\/wp-json\/wp\/v2\/product_tag?post=714"}],"curies":[{"name":"wp","href":"https:\/\/api.w.org\/{rel}","templated":true}]}}