{"id":716,"date":"2022-01-10T17:14:21","date_gmt":"2022-01-10T17:14:21","guid":{"rendered":"https:\/\/www.sba.si\/prenova\/?post_type=product&#038;p=716"},"modified":"2023-12-28T15:02:41","modified_gmt":"2023-12-28T15:02:41","slug":"zimska-podkapa-hevik","status":"publish","type":"product","link":"https:\/\/www.sba.si\/index.php\/izdelek\/zimska-podkapa-hevik\/","title":{"rendered":"ZIMSKA PODKAPA HEVIK BALACLAVA"},"content":{"rendered":"","protected":false},"excerpt":{"rendered":"<p>Zimska podkapa z za\u0161\u010dito obraza in vratu. Material Lycra na zgornjem delu in Neopren na spodnjem proti vetru. \u0160ivi so plo\u0161\u010dati za ve\u010dje udobje.<\/p>\n","protected":false},"featured_media":761,"template":"","meta":[],"product_cat":[38,53],"product_tag":[],"_links":{"self":[{"href":"https:\/\/www.sba.si\/index.php\/wp-json\/wp\/v2\/product\/716"}],"collection":[{"href":"https:\/\/www.sba.si\/index.php\/wp-json\/wp\/v2\/product"}],"about":[{"href":"https:\/\/www.sba.si\/index.php\/wp-json\/wp\/v2\/types\/product"}],"version-history":[{"count":1,"href":"https:\/\/www.sba.si\/index.php\/wp-json\/wp\/v2\/product\/716\/revisions"}],"predecessor-version":[{"id":6796,"href":"https:\/\/www.sba.si\/index.php\/wp-json\/wp\/v2\/product\/716\/revisions\/6796"}],"wp:featuredmedia":[{"embeddable":true,"href":"https:\/\/www.sba.si\/index.php\/wp-json\/wp\/v2\/media\/761"}],"wp:attachment":[{"href":"https:\/\/www.sba.si\/index.php\/wp-json\/wp\/v2\/media?parent=716"}],"wp:term":[{"taxonomy":"product_cat","embeddable":true,"href":"https:\/\/www.sba.si\/index.php\/wp-json\/wp\/v2\/product_cat?post=716"},{"taxonomy":"product_tag","embeddable":true,"href":"https:\/\/www.sba.si\/index.php\/wp-json\/wp\/v2\/product_tag?post=716"}],"curies":[{"name":"wp","href":"https:\/\/api.w.org\/{rel}","templated":true}]}}