{"id":721,"date":"2022-01-10T17:14:23","date_gmt":"2022-01-10T17:14:23","guid":{"rendered":"https:\/\/www.sba.si\/prenova\/?post_type=product&#038;p=721"},"modified":"2024-01-11T08:16:15","modified_gmt":"2024-01-11T08:16:15","slug":"kovcek-platneni-shark","status":"publish","type":"product","link":"https:\/\/www.sba.si\/index.php\/izdelek\/kovcek-platneni-shark\/","title":{"rendered":"KOV\u010cEK PLATNENI &#8211; PLATNENA TORBA SHARK"},"content":{"rendered":"","protected":false},"excerpt":{"rendered":"<p>Pove\u010dajte razpolo\u017eljiv prostor za shranjevanje na va\u0161em ATV s \u00a0mehko zadnjo torbo po dostopni ceni. Z nastavljivimi \/ odstranljivimi navojnimi vrvmi z vrvjo \u00a0za dodatno transportno zmogljivost.<\/p>\n<p>Trajna mehka ATV torba z oja\u010danim dnom<\/p>\n<p>Pokrit z zadrgo<\/p>\n<p>Na vrhu stre\u0161ne \u017eice za zavarovanje predmetov<\/p>\n<p>Vklju\u010duje trakove za pritrditev za pritrditev vre\u010d z\u00a0 na ATV<\/p>\n<p>Izdelan je iz trpe\u017ene poliestrske tkanine, odporne na vodo<\/p>\n<p>Proizvajalec: Shark Accessories<\/p>\n","protected":false},"featured_media":773,"template":"","meta":[],"product_cat":[54,57,97],"product_tag":[],"_links":{"self":[{"href":"https:\/\/www.sba.si\/index.php\/wp-json\/wp\/v2\/product\/721"}],"collection":[{"href":"https:\/\/www.sba.si\/index.php\/wp-json\/wp\/v2\/product"}],"about":[{"href":"https:\/\/www.sba.si\/index.php\/wp-json\/wp\/v2\/types\/product"}],"version-history":[{"count":1,"href":"https:\/\/www.sba.si\/index.php\/wp-json\/wp\/v2\/product\/721\/revisions"}],"predecessor-version":[{"id":6832,"href":"https:\/\/www.sba.si\/index.php\/wp-json\/wp\/v2\/product\/721\/revisions\/6832"}],"wp:featuredmedia":[{"embeddable":true,"href":"https:\/\/www.sba.si\/index.php\/wp-json\/wp\/v2\/media\/773"}],"wp:attachment":[{"href":"https:\/\/www.sba.si\/index.php\/wp-json\/wp\/v2\/media?parent=721"}],"wp:term":[{"taxonomy":"product_cat","embeddable":true,"href":"https:\/\/www.sba.si\/index.php\/wp-json\/wp\/v2\/product_cat?post=721"},{"taxonomy":"product_tag","embeddable":true,"href":"https:\/\/www.sba.si\/index.php\/wp-json\/wp\/v2\/product_tag?post=721"}],"curies":[{"name":"wp","href":"https:\/\/api.w.org\/{rel}","templated":true}]}}