{"id":729,"date":"2022-01-10T17:14:48","date_gmt":"2022-01-10T16:14:48","guid":{"rendered":"https:\/\/www.sba.si\/prenova\/?post_type=product&#038;p=729"},"modified":"2022-01-10T17:16:00","modified_gmt":"2022-01-10T16:16:00","slug":"platisca-moose-387x-2","status":"publish","type":"product","link":"https:\/\/www.sba.si\/index.php\/izdelek\/platisca-moose-387x-2\/","title":{"rendered":"PLATI\u0160\u010cA MOOSE 387X"},"content":{"rendered":"","protected":false},"excerpt":{"rendered":"<p>Plati\u0161\u010da MOOSE 387X<\/p>\n<p>4\/110, 4\/136, 4\/156<\/p>\n<p>Barva: \u010drno-krom<\/p>\n<p>Model 387x<\/p>\n<p>12 ali 14 col<\/p>\n","protected":false},"featured_media":778,"template":"","meta":[],"product_cat":[54,79,80],"product_tag":[],"_links":{"self":[{"href":"https:\/\/www.sba.si\/index.php\/wp-json\/wp\/v2\/product\/729"}],"collection":[{"href":"https:\/\/www.sba.si\/index.php\/wp-json\/wp\/v2\/product"}],"about":[{"href":"https:\/\/www.sba.si\/index.php\/wp-json\/wp\/v2\/types\/product"}],"version-history":[{"count":0,"href":"https:\/\/www.sba.si\/index.php\/wp-json\/wp\/v2\/product\/729\/revisions"}],"wp:featuredmedia":[{"embeddable":true,"href":"https:\/\/www.sba.si\/index.php\/wp-json\/wp\/v2\/media\/778"}],"wp:attachment":[{"href":"https:\/\/www.sba.si\/index.php\/wp-json\/wp\/v2\/media?parent=729"}],"wp:term":[{"taxonomy":"product_cat","embeddable":true,"href":"https:\/\/www.sba.si\/index.php\/wp-json\/wp\/v2\/product_cat?post=729"},{"taxonomy":"product_tag","embeddable":true,"href":"https:\/\/www.sba.si\/index.php\/wp-json\/wp\/v2\/product_tag?post=729"}],"curies":[{"name":"wp","href":"https:\/\/api.w.org\/{rel}","templated":true}]}}