{"id":732,"date":"2022-01-10T17:14:52","date_gmt":"2022-01-10T17:14:52","guid":{"rendered":"https:\/\/www.sba.si\/prenova\/?post_type=product&#038;p=732"},"modified":"2023-12-11T14:27:47","modified_gmt":"2023-12-11T14:27:47","slug":"ogrevane-rocke","status":"publish","type":"product","link":"https:\/\/www.sba.si\/index.php\/izdelek\/ogrevane-rocke\/","title":{"rendered":"OGREVANE RO\u010cKE &#8211; GRETJE RO\u010cK &#8211; SH"},"content":{"rendered":"","protected":false},"excerpt":{"rendered":"<p>PRIMERNO ZA VSE ZNAMKE ATV<\/p>\n<p>Ogrevane ro\u010dke s 5 stopenjsko nastavitvijo temperature. Naj vam gretje ro\u010dk omogo\u010di, da bodo tudi hladnej\u0161i dnevi polni u\u017eitkov na va\u0161em \u0161tirikolesniku.<\/p>\n<p>Komplet vsebuje:<br \/>\n&#8211; 1x leva ro\u010dka<br \/>\n&#8211; 1x desna ro\u010dka<br \/>\n&#8211; 1x elektronski krmilnik temperature<br \/>\n&#8211; univerzalni nosilec za stikalo<br \/>\n&#8211; 1x kabli<\/p>\n<p>Ogrevane ro\u010dke so namenjene kot zamenjava obstoje\u010dih ro\u010dk na \u0161tirikolesniku. Namestijo se lahko na ve\u010dino \u0161tirikolesnikov.<br \/>\nMaksimalna temperatura ogrevanja do 50 stopinj Celzija. \u010ce vam v roke postane prevro\u010de lahko s stikalom regulirate temperaturo ro\u010dk. Elektronsko stikalo ima izbo\u010dene gumbe, da jih v temi lahko la\u017eje uporabljamo.<\/p>\n<p><a href=\"https:\/\/www.sba.si\/index.php\/izdelek\/gretje-rocice-plina-sh\/\">Lo\u010deno je na voljo tudi gretje ro\u010dice za plin (KLIK za povezavo).<\/a><\/p>\n","protected":false},"featured_media":788,"template":"","meta":[],"product_cat":[54,55,99],"product_tag":[],"_links":{"self":[{"href":"https:\/\/www.sba.si\/index.php\/wp-json\/wp\/v2\/product\/732"}],"collection":[{"href":"https:\/\/www.sba.si\/index.php\/wp-json\/wp\/v2\/product"}],"about":[{"href":"https:\/\/www.sba.si\/index.php\/wp-json\/wp\/v2\/types\/product"}],"version-history":[{"count":6,"href":"https:\/\/www.sba.si\/index.php\/wp-json\/wp\/v2\/product\/732\/revisions"}],"predecessor-version":[{"id":6612,"href":"https:\/\/www.sba.si\/index.php\/wp-json\/wp\/v2\/product\/732\/revisions\/6612"}],"wp:featuredmedia":[{"embeddable":true,"href":"https:\/\/www.sba.si\/index.php\/wp-json\/wp\/v2\/media\/788"}],"wp:attachment":[{"href":"https:\/\/www.sba.si\/index.php\/wp-json\/wp\/v2\/media?parent=732"}],"wp:term":[{"taxonomy":"product_cat","embeddable":true,"href":"https:\/\/www.sba.si\/index.php\/wp-json\/wp\/v2\/product_cat?post=732"},{"taxonomy":"product_tag","embeddable":true,"href":"https:\/\/www.sba.si\/index.php\/wp-json\/wp\/v2\/product_tag?post=732"}],"curies":[{"name":"wp","href":"https:\/\/api.w.org\/{rel}","templated":true}]}}