{"id":7348,"date":"2024-04-19T07:22:59","date_gmt":"2024-04-19T05:22:59","guid":{"rendered":"https:\/\/www.sba.si\/?post_type=product&#038;p=7348"},"modified":"2026-01-21T10:42:27","modified_gmt":"2026-01-21T09:42:27","slug":"cfmoto-cforce-1000-x10-eps-t3b-24","status":"publish","type":"product","link":"https:\/\/www.sba.si\/index.php\/izdelek\/cfmoto-cforce-1000-x10-eps-t3b-24\/","title":{"rendered":"CFMOTO CFORCE 1000 X10 EPS T3b &#8217;25"},"content":{"rendered":"","protected":false},"excerpt":{"rendered":"<p>CF MOTO CFORCE X10 &#8211; popolnoma novo vozilo za leto 2024!<\/p>\n<p>Vodilni v industriji &#8211; najnovej\u0161a tehnologija in bogata serijska oprema. Novi CFMOTO CFORCE x10 ponuja plinsko nastavljivo podvozje, 7&#8243; ekran s celotnim grafi\u010dnim prikazom podatkov, prilagodljiv 3 stopenjski servo volan, 3 stopenjski elektronski gas za prilagoditev ob\u010dutljivosti mo\u010di. Popolnoma prenovljeno podvozje vam bo ponudilo izjemne vozne lastnosti, udobje in prilagodljivost. Novo razvit agregat pa ponuja kar 90HP.<\/p>\n<p>Podalj\u0161ana \u0161asija nudi odli\u010den komfort za voznika in sopotnika, stalni zadnji pogon z lo\u010denim vklopom 4&#215;4 pogona in mo\u017enostjo zaklepa zapore spredaj pa bosta nudila maksimalne terenske sposobnosti.<\/p>\n<p>Barva: siva, oran\u017ena, camo.<\/p>\n","protected":false},"featured_media":7351,"template":"","meta":[],"product_cat":[59,68,115],"product_tag":[],"_links":{"self":[{"href":"https:\/\/www.sba.si\/index.php\/wp-json\/wp\/v2\/product\/7348"}],"collection":[{"href":"https:\/\/www.sba.si\/index.php\/wp-json\/wp\/v2\/product"}],"about":[{"href":"https:\/\/www.sba.si\/index.php\/wp-json\/wp\/v2\/types\/product"}],"version-history":[{"count":3,"href":"https:\/\/www.sba.si\/index.php\/wp-json\/wp\/v2\/product\/7348\/revisions"}],"predecessor-version":[{"id":8423,"href":"https:\/\/www.sba.si\/index.php\/wp-json\/wp\/v2\/product\/7348\/revisions\/8423"}],"wp:featuredmedia":[{"embeddable":true,"href":"https:\/\/www.sba.si\/index.php\/wp-json\/wp\/v2\/media\/7351"}],"wp:attachment":[{"href":"https:\/\/www.sba.si\/index.php\/wp-json\/wp\/v2\/media?parent=7348"}],"wp:term":[{"taxonomy":"product_cat","embeddable":true,"href":"https:\/\/www.sba.si\/index.php\/wp-json\/wp\/v2\/product_cat?post=7348"},{"taxonomy":"product_tag","embeddable":true,"href":"https:\/\/www.sba.si\/index.php\/wp-json\/wp\/v2\/product_tag?post=7348"}],"curies":[{"name":"wp","href":"https:\/\/api.w.org\/{rel}","templated":true}]}}