{"id":7353,"date":"2024-04-19T07:26:34","date_gmt":"2024-04-19T05:26:34","guid":{"rendered":"https:\/\/www.sba.si\/?post_type=product&#038;p=7353"},"modified":"2026-02-17T08:54:24","modified_gmt":"2026-02-17T07:54:24","slug":"cfmoto-cforce-1000-x10-eps-premium-t3b-24","status":"publish","type":"product","link":"https:\/\/www.sba.si\/index.php\/izdelek\/cfmoto-cforce-1000-x10-eps-premium-t3b-24\/","title":{"rendered":"CFMOTO CFORCE 1000 X10 EPS Premium T3b &#8217;25"},"content":{"rendered":"","protected":false},"excerpt":{"rendered":"<p>CF MOTO CFORCE X10 Premium &#8211; popolnoma novo vozilo za leto 2024!<\/p>\n<p>-Vodilni v industriji &#8211; najnovej\u0161a tehnologija in bogata serijska oprema. Novi CFMOTO CFORCE x10 &#8220;Premium&#8221; ponuja plinsko nastavljivo podvozje, 8&#8243; MMI ekran ob\u010dutljiv na dotik, prilagodljiv 3 stopenjski servo volan, 3 stopenjski elektronski gas za prilagoditev ob\u010dutljivosti mo\u010di. Popolnoma prenovljeno podvozje vam bo ponudilo izjemne vozne lastnosti, udobje in prilagodljivost. Novo razvit agregat pa ponuja kar 90HP.<\/p>\n<p>-Podalj\u0161ana \u0161asija nudi odli\u010den komfort za voznika in sopotnika, stalni zadnji pogon z lo\u010denim vklopom 4&#215;4 pogona in mo\u017enostjo zaklepa zapore spredaj pa bosta nudila maksimalne terenske sposobnosti.<\/p>\n<p>-Premium model nudi v osnovni ceni tudi 14 pal\u010dna &#8220;beadlock&#8221; plati\u0161\u010da in ve\u010dji 8&#8243; MMI ekran ob\u010dutljiv na dotik.<\/p>\n<p>-Barva: \u010drna.<\/p>\n","protected":false},"featured_media":7354,"template":"","meta":[],"product_cat":[59,68,115],"product_tag":[],"_links":{"self":[{"href":"https:\/\/www.sba.si\/index.php\/wp-json\/wp\/v2\/product\/7353"}],"collection":[{"href":"https:\/\/www.sba.si\/index.php\/wp-json\/wp\/v2\/product"}],"about":[{"href":"https:\/\/www.sba.si\/index.php\/wp-json\/wp\/v2\/types\/product"}],"version-history":[{"count":13,"href":"https:\/\/www.sba.si\/index.php\/wp-json\/wp\/v2\/product\/7353\/revisions"}],"predecessor-version":[{"id":11347,"href":"https:\/\/www.sba.si\/index.php\/wp-json\/wp\/v2\/product\/7353\/revisions\/11347"}],"wp:featuredmedia":[{"embeddable":true,"href":"https:\/\/www.sba.si\/index.php\/wp-json\/wp\/v2\/media\/7354"}],"wp:attachment":[{"href":"https:\/\/www.sba.si\/index.php\/wp-json\/wp\/v2\/media?parent=7353"}],"wp:term":[{"taxonomy":"product_cat","embeddable":true,"href":"https:\/\/www.sba.si\/index.php\/wp-json\/wp\/v2\/product_cat?post=7353"},{"taxonomy":"product_tag","embeddable":true,"href":"https:\/\/www.sba.si\/index.php\/wp-json\/wp\/v2\/product_tag?post=7353"}],"curies":[{"name":"wp","href":"https:\/\/api.w.org\/{rel}","templated":true}]}}