{"id":736,"date":"2022-01-10T17:14:53","date_gmt":"2022-01-10T16:14:53","guid":{"rendered":"https:\/\/www.sba.si\/prenova\/?post_type=product&#038;p=736"},"modified":"2022-01-10T17:16:20","modified_gmt":"2022-01-10T16:16:20","slug":"odbijac-cf-moto-sprednji","status":"publish","type":"product","link":"https:\/\/www.sba.si\/index.php\/izdelek\/odbijac-cf-moto-sprednji\/","title":{"rendered":"ODBIJA\u010c CF MOTO SPREDNJI"},"content":{"rendered":"","protected":false},"excerpt":{"rendered":"<p>CF MOTO lahek \u00a0in trden \u00a0ATV sprednji odbija\u010d , robusten dizajn, cevi \u00d8 40&#215;2,5 mm in \u00d8 35&#215;2,5 mm, \u00a0\u010drne aluminijaste povr\u0161ine, enostavna\u00a0 vgradnja, ro\u010dno izdelano v Evropi<\/p>\n","protected":false},"featured_media":793,"template":"","meta":[],"product_cat":[54,64,100],"product_tag":[],"_links":{"self":[{"href":"https:\/\/www.sba.si\/index.php\/wp-json\/wp\/v2\/product\/736"}],"collection":[{"href":"https:\/\/www.sba.si\/index.php\/wp-json\/wp\/v2\/product"}],"about":[{"href":"https:\/\/www.sba.si\/index.php\/wp-json\/wp\/v2\/types\/product"}],"version-history":[{"count":0,"href":"https:\/\/www.sba.si\/index.php\/wp-json\/wp\/v2\/product\/736\/revisions"}],"wp:featuredmedia":[{"embeddable":true,"href":"https:\/\/www.sba.si\/index.php\/wp-json\/wp\/v2\/media\/793"}],"wp:attachment":[{"href":"https:\/\/www.sba.si\/index.php\/wp-json\/wp\/v2\/media?parent=736"}],"wp:term":[{"taxonomy":"product_cat","embeddable":true,"href":"https:\/\/www.sba.si\/index.php\/wp-json\/wp\/v2\/product_cat?post=736"},{"taxonomy":"product_tag","embeddable":true,"href":"https:\/\/www.sba.si\/index.php\/wp-json\/wp\/v2\/product_tag?post=736"}],"curies":[{"name":"wp","href":"https:\/\/api.w.org\/{rel}","templated":true}]}}