{"id":7418,"date":"2024-04-30T08:44:35","date_gmt":"2024-04-30T08:44:35","guid":{"rendered":"https:\/\/www.sba.si\/?post_type=product&#038;p=7418"},"modified":"2024-04-30T08:49:05","modified_gmt":"2024-04-30T08:49:05","slug":"atv-kovcek-sprednji-cf-moto-x4","status":"publish","type":"product","link":"https:\/\/www.sba.si\/index.php\/izdelek\/atv-kovcek-sprednji-cf-moto-x4\/","title":{"rendered":"ATV KOV\u010cEK SPREDNJI &#8211; CF MOTO X4"},"content":{"rendered":"","protected":false},"excerpt":{"rendered":"<p>Originalni kov\u010dek za CFMOTO X4 s kovinskimi prtlja\u017eniki.<\/p>\n","protected":false},"featured_media":7419,"template":"","meta":[],"product_cat":[54,57,58],"product_tag":[],"_links":{"self":[{"href":"https:\/\/www.sba.si\/index.php\/wp-json\/wp\/v2\/product\/7418"}],"collection":[{"href":"https:\/\/www.sba.si\/index.php\/wp-json\/wp\/v2\/product"}],"about":[{"href":"https:\/\/www.sba.si\/index.php\/wp-json\/wp\/v2\/types\/product"}],"version-history":[{"count":1,"href":"https:\/\/www.sba.si\/index.php\/wp-json\/wp\/v2\/product\/7418\/revisions"}],"predecessor-version":[{"id":7422,"href":"https:\/\/www.sba.si\/index.php\/wp-json\/wp\/v2\/product\/7418\/revisions\/7422"}],"wp:featuredmedia":[{"embeddable":true,"href":"https:\/\/www.sba.si\/index.php\/wp-json\/wp\/v2\/media\/7419"}],"wp:attachment":[{"href":"https:\/\/www.sba.si\/index.php\/wp-json\/wp\/v2\/media?parent=7418"}],"wp:term":[{"taxonomy":"product_cat","embeddable":true,"href":"https:\/\/www.sba.si\/index.php\/wp-json\/wp\/v2\/product_cat?post=7418"},{"taxonomy":"product_tag","embeddable":true,"href":"https:\/\/www.sba.si\/index.php\/wp-json\/wp\/v2\/product_tag?post=7418"}],"curies":[{"name":"wp","href":"https:\/\/api.w.org\/{rel}","templated":true}]}}