{"id":7436,"date":"2024-05-08T11:54:11","date_gmt":"2024-05-08T11:54:11","guid":{"rendered":"https:\/\/www.sba.si\/?post_type=product&#038;p=7436"},"modified":"2024-05-14T08:15:52","modified_gmt":"2024-05-14T08:15:52","slug":"kovcek-za-orozje-z-nosilcem-kolpin","status":"publish","type":"product","link":"https:\/\/www.sba.si\/index.php\/izdelek\/kovcek-za-orozje-z-nosilcem-kolpin\/","title":{"rendered":"KOV\u010cEK ZA ORO\u017dJE Z NOSILCEM &#8211; KOLPIN"},"content":{"rendered":"","protected":false},"excerpt":{"rendered":"<p>Najve\u010dji kov\u010dek za oro\u017eje &#8211; dovolj velik tudi za name\u0161\u010deno optiko na oro\u017eju.<br \/>\nZasnovan za enostaven enoro\u010dni izvlek oro\u017eja.<br \/>\nZnotraj kov\u010dka je name\u0161\u010dena dodatna tkaninasta obloga z zadrgo za dodatno za\u0161\u010dito.<br \/>\nKov\u010dek vsebuje tudi nosilec za namestitev na vozilo.<br \/>\nKov\u010dek za pu\u0161ko je primeren za oro\u017eje dol\u017eine do 132cm.<br \/>\nNotranje dimenzije: 135cm x 10cm x 27cm.<\/p>\n","protected":false},"featured_media":7441,"template":"","meta":[],"product_cat":[54,57,58,64,82],"product_tag":[],"_links":{"self":[{"href":"https:\/\/www.sba.si\/index.php\/wp-json\/wp\/v2\/product\/7436"}],"collection":[{"href":"https:\/\/www.sba.si\/index.php\/wp-json\/wp\/v2\/product"}],"about":[{"href":"https:\/\/www.sba.si\/index.php\/wp-json\/wp\/v2\/types\/product"}],"version-history":[{"count":1,"href":"https:\/\/www.sba.si\/index.php\/wp-json\/wp\/v2\/product\/7436\/revisions"}],"predecessor-version":[{"id":7451,"href":"https:\/\/www.sba.si\/index.php\/wp-json\/wp\/v2\/product\/7436\/revisions\/7451"}],"wp:featuredmedia":[{"embeddable":true,"href":"https:\/\/www.sba.si\/index.php\/wp-json\/wp\/v2\/media\/7441"}],"wp:attachment":[{"href":"https:\/\/www.sba.si\/index.php\/wp-json\/wp\/v2\/media?parent=7436"}],"wp:term":[{"taxonomy":"product_cat","embeddable":true,"href":"https:\/\/www.sba.si\/index.php\/wp-json\/wp\/v2\/product_cat?post=7436"},{"taxonomy":"product_tag","embeddable":true,"href":"https:\/\/www.sba.si\/index.php\/wp-json\/wp\/v2\/product_tag?post=7436"}],"curies":[{"name":"wp","href":"https:\/\/api.w.org\/{rel}","templated":true}]}}